{"id":1807,"date":"2025-05-25T14:21:29","date_gmt":"2025-05-25T14:21:29","guid":{"rendered":"https:\/\/omdblockchain.com\/cong-su\/"},"modified":"2025-09-24T22:02:57","modified_gmt":"2025-09-24T22:02:57","slug":"cong-su","status":"publish","type":"page","link":"https:\/\/omdblockchain.com\/vi\/cong-su\/","title":{"rendered":"C\u1ed9ng s\u1ef1"},"content":{"rendered":"<p>[et_pb_section fb_built=&#8221;1&#8243; _builder_version=&#8221;4.27.4&#8243; _module_preset=&#8221;default&#8221; background_color=&#8221;rgba(0,0,0,0.45)&#8221; background_image=&#8221;https:\/\/omdblockchain.com\/wp-content\/uploads\/2025\/04\/trading.jpg&#8221; background_blend=&#8221;overlay&#8221; bottom_divider_style=&#8221;waves2&#8243; bottom_divider_color=&#8221;#000000&#8243; global_colors_info=&#8221;{}&#8221;][et_pb_row _builder_version=&#8221;4.27.4&#8243; _module_preset=&#8221;default&#8221; global_colors_info=&#8221;{}&#8221;][et_pb_column type=&#8221;4_4&#8243; _builder_version=&#8221;4.27.4&#8243; _module_preset=&#8221;default&#8221; global_colors_info=&#8221;{}&#8221;][et_pb_menu menu_id=&#8221;85&#8243; menu_style=&#8221;centered&#8221; _builder_version=&#8221;4.27.4&#8243; _module_preset=&#8221;default&#8221; width=&#8221;20%&#8221; module_alignment=&#8221;right&#8221; global_colors_info=&#8221;{}&#8221;][\/et_pb_menu][et_pb_heading title=&#8221;M\u1ed9t c\u01a1 h\u1ed9i \u0111\u1ed9c \u0111\u00e1o v\u00e0 c\u00f3 h\u1ea1n d\u00e0nh cho c\u00e1c nh\u00e0 \u0111\u1ea7u t\u01b0 c\u00f3 t\u1ea7m nh\u00ecn xa&#8221; _builder_version=&#8221;4.27.4&#8243; _module_preset=&#8221;default&#8221; title_font=&#8221;|700|||||||&#8221; title_text_align=&#8221;center&#8221; title_text_color=&#8221;#FFFFFF&#8221; title_font_size=&#8221;40px&#8221; title_text_shadow_style=&#8221;preset1&#8243; global_colors_info=&#8221;{}&#8221;][\/et_pb_heading][\/et_pb_column][\/et_pb_row][et_pb_row column_structure=&#8221;1_2,1_2&#8243; _builder_version=&#8221;4.27.4&#8243; _module_preset=&#8221;default&#8221; global_colors_info=&#8221;{}&#8221;][et_pb_column type=&#8221;1_2&#8243; _builder_version=&#8221;4.27.4&#8243; _module_preset=&#8221;default&#8221; global_colors_info=&#8221;{}&#8221;][et_pb_heading title=&#8221;\u0110\u1ea7u t\u01b0 v\u00e0o \u0111\u1ee3t b\u00e1n ri\u00eang t\u01b0 ti\u1ec1n \u0111i\u1ec7n t\u1eed OMDB&#8221; _builder_version=&#8221;4.27.4&#8243; _module_preset=&#8221;default&#8221; title_font=&#8221;|700|||||||&#8221; title_text_color=&#8221;#F0B800&#8243; title_text_shadow_style=&#8221;preset1&#8243; global_colors_info=&#8221;{}&#8221;][\/et_pb_heading][et_pb_text _builder_version=&#8221;4.27.4&#8243; _module_preset=&#8221;default&#8221; text_text_color=&#8221;#FFFFFF&#8221; global_colors_info=&#8221;{}&#8221;]<\/p>\n<p><span style=\"color: #ffcc00;\"><strong>onemillionsdollar.com LLC<\/strong><\/span> m\u1edf ra c\u00e1nh c\u1eeda \u0111\u1ebfn m\u1ed9t th\u1ebf gi\u1edbi c\u00f3 l\u1ee3i nhu\u1eadn v\u00e0 t\u0103ng tr\u01b0\u1edfng ch\u01b0a t\u1eebng c\u00f3.<\/p>\n<p>Ch\u00fang t\u00f4i cung c\u1ea5p cho m\u1ed9t nh\u00f3m ng\u01b0\u1eddi \u0111\u01b0\u1ee3c ch\u1ecdn c\u01a1 h\u1ed9i s\u1edf h\u1eefu <span style=\"color: #ffcc00;\"><strong>OMDB<\/strong><\/span> , m\u1ed9t lo\u1ea1i ti\u1ec1n \u0111i\u1ec7n t\u1eed c\u00f3 ti\u1ec1m n\u0103ng m\u1edf r\u1ed9ng v\u00f4 song, <span style=\"color: #ffcc00;\"><strong>v\u1edbi m\u1ee9c gi\u00e1 b\u00e1n tr\u01b0\u1edbc \u0111\u1ed9c quy\u1ec1n.<\/strong><\/span><\/p>\n<p>[\/et_pb_text][et_pb_heading title=&#8221;Ch\u1ec9 c\u00f3 100 tri\u1ec7u \u0111\u1ed3ng xu c\u00f3 s\u1eb5n&#8221; _builder_version=&#8221;4.27.4&#8243; _module_preset=&#8221;default&#8221; title_font=&#8221;|700|||||||&#8221; title_text_color=&#8221;#F0B800&#8243; global_colors_info=&#8221;{}&#8221;][\/et_pb_heading][et_pb_text _builder_version=&#8221;4.27.4&#8243; _module_preset=&#8221;default&#8221; text_text_color=&#8221;#FFFFFF&#8221; global_colors_info=&#8221;{}&#8221;]<\/p>\n<p>\u0110\u1ee3t b\u00e1n ri\u00eang n\u00e0y c\u00f3 gi\u1edbi h\u1ea1n v\u00e0 \u0111\u1ed9c quy\u1ec1n. Khi <span style=\"color: #ffcc00;\"><strong>100 tri\u1ec7u OMDB<\/strong><\/span> \u0111\u01b0\u1ee3c ph\u00e2n b\u1ed5 cho giai \u0111o\u1ea1n n\u00e0y \u0111\u00e3 h\u1ebft, s\u1ebd kh\u00f4ng c\u00f3 c\u01a1 h\u1ed9i th\u1ee9 hai v\u1edbi m\u1ee9c gi\u00e1 n\u00e0y. <\/p>\n<p>[\/et_pb_text][\/et_pb_column][et_pb_column type=&#8221;1_2&#8243; _builder_version=&#8221;4.27.4&#8243; _module_preset=&#8221;default&#8221; global_colors_info=&#8221;{}&#8221;][et_pb_image src=&#8221;https:\/\/omdblockchain.com\/wp-content\/uploads\/2025\/04\/omdbmaleta.png&#8221; title_text=&#8221;omdbmaleta&#8221; _builder_version=&#8221;4.27.4&#8243; _module_preset=&#8221;default&#8221; global_colors_info=&#8221;{}&#8221;][\/et_pb_image][\/et_pb_column][\/et_pb_row][\/et_pb_section][et_pb_section fb_built=&#8221;1&#8243; _builder_version=&#8221;4.27.4&#8243; _module_preset=&#8221;default&#8221; background_image=&#8221;https:\/\/omdblockchain.com\/wp-content\/uploads\/2025\/04\/toro.jpg&#8221; parallax=&#8221;on&#8221; top_divider_style=&#8221;waves2&#8243; top_divider_color=&#8221;#000000&#8243; global_colors_info=&#8221;{}&#8221;][et_pb_row _builder_version=&#8221;4.27.4&#8243; _module_preset=&#8221;default&#8221; global_colors_info=&#8221;{}&#8221;][et_pb_column type=&#8221;4_4&#8243; _builder_version=&#8221;4.27.4&#8243; _module_preset=&#8221;default&#8221; global_colors_info=&#8221;{}&#8221;][et_pb_heading title=&#8221;M\u1ed9t h\u1ec7 sinh th\u00e1i kh\u00f4ng c\u00f3 gi\u1edbi h\u1ea1n&#8221; _builder_version=&#8221;4.27.4&#8243; _module_preset=&#8221;default&#8221; title_font=&#8221;|700|||||||&#8221; title_text_align=&#8221;center&#8221; title_text_color=&#8221;#FFFFFF&#8221; title_font_size=&#8221;40px&#8221; title_text_shadow_style=&#8221;preset1&#8243; global_colors_info=&#8221;{}&#8221;][\/et_pb_heading][et_pb_text _builder_version=&#8221;4.27.4&#8243; _module_preset=&#8221;default&#8221; text_text_color=&#8221;#FFFFFF&#8221; text_font_size=&#8221;18px&#8221; global_colors_info=&#8221;{}&#8221;]<\/p>\n<p><span style=\"color: #ffcc00;\"><strong>onemillionsdollar.com LLC<\/strong><\/span> \u0111ang x\u00e2y d\u1ef1ng h\u1ec7 sinh th\u00e1i kh\u1ea3 d\u1ee5ng l\u1edbn nh\u1ea5t t\u1eeb tr\u01b0\u1edbc \u0111\u1ebfn nay trong th\u1ebf gi\u1edbi ti\u1ec1n \u0111i\u1ec7n t\u1eed:<\/p>\n<p>[\/et_pb_text][\/et_pb_column][\/et_pb_row][et_pb_row column_structure=&#8221;1_3,1_3,1_3&#8243; _builder_version=&#8221;4.27.4&#8243; _module_preset=&#8221;default&#8221; global_colors_info=&#8221;{}&#8221;][et_pb_column type=&#8221;1_3&#8243; _builder_version=&#8221;4.27.4&#8243; _module_preset=&#8221;default&#8221; global_colors_info=&#8221;{}&#8221;][et_pb_text _builder_version=&#8221;4.27.4&#8243; _module_preset=&#8221;default&#8221; text_text_color=&#8221;#FFFFFF&#8221; custom_margin=&#8221;|||80px||&#8221; global_colors_info=&#8221;{}&#8221;]<\/p>\n<ul>\n<li>N\u1ec1n t\u1ea3ng t\u00edch h\u1ee3p<\/li>\n<li>D\u1ecbch v\u1ee5 to\u00e0n c\u1ea7u<\/li>\n<li>Th\u01b0\u01a1ng m\u1ea1i s\u1ed1<\/li>\n<li>Thanh to\u00e1n ngay l\u1eadp t\u1ee9c<\/li>\n<li>Gamification v\u00e0 ph\u1ea7n th\u01b0\u1edfng<\/li>\n<\/ul>\n<p>[\/et_pb_text][\/et_pb_column][et_pb_column type=&#8221;1_3&#8243; _builder_version=&#8221;4.27.4&#8243; _module_preset=&#8221;default&#8221; global_colors_info=&#8221;{}&#8221;][et_pb_video src=&#8221;https:\/\/youtu.be\/0tN6Txpg1Hk&#8221; _builder_version=&#8221;4.27.4&#8243; _module_preset=&#8221;default&#8221; module_alignment=&#8221;center&#8221; hover_enabled=&#8221;0&#8243; sticky_enabled=&#8221;0&#8243;][\/et_pb_video][\/et_pb_column][et_pb_column type=&#8221;1_3&#8243; _builder_version=&#8221;4.27.4&#8243; _module_preset=&#8221;default&#8221; global_colors_info=&#8221;{}&#8221;][et_pb_video src=&#8221;https:\/\/youtu.be\/yk6mYsq9Fjc&#8221; _builder_version=&#8221;4.27.4&#8243; _module_preset=&#8221;default&#8221; module_alignment=&#8221;center&#8221; global_colors_info=&#8221;{}&#8221;][\/et_pb_video][\/et_pb_column][\/et_pb_row][et_pb_row _builder_version=&#8221;4.27.4&#8243; _module_preset=&#8221;default&#8221; global_colors_info=&#8221;{}&#8221;][et_pb_column type=&#8221;4_4&#8243; _builder_version=&#8221;4.27.4&#8243; _module_preset=&#8221;default&#8221; global_colors_info=&#8221;{}&#8221;][et_pb_button button_url=&#8221;https:\/\/omdblockchain.com\/whitepaper\/&#8221; url_new_window=&#8221;on&#8221; button_text=&#8221;Xem qua t\u00e0i li\u1ec7u tr\u1eafng c\u1ee7a ch\u00fang t\u00f4i&#8221; button_alignment=&#8221;center&#8221; _builder_version=&#8221;4.27.4&#8243; _module_preset=&#8221;default&#8221; custom_button=&#8221;on&#8221; button_text_color=&#8221;#000000&#8243; button_bg_color=&#8221;#E09900&#8243; button_border_width=&#8221;0px&#8221; button_border_radius=&#8221;20px&#8221; button_font=&#8221;&#8211;et_global_heading_font|700|||||||&#8221; locked=&#8221;off&#8221; global_colors_info=&#8221;{}&#8221;][\/et_pb_button][et_pb_heading title=&#8221;B\u1ea1n c\u00f3 mu\u1ed1n tr\u1edf th\u00e0nh m\u1ed9t ph\u1ea7n c\u1ee7a n\u00f3 kh\u00f4ng?&#8221; _builder_version=&#8221;4.27.4&#8243; _module_preset=&#8221;default&#8221; title_font=&#8221;|700|||||||&#8221; title_text_align=&#8221;center&#8221; title_text_color=&#8221;#FFFFFF&#8221; title_font_size=&#8221;40px&#8221; title_text_shadow_style=&#8221;preset1&#8243; global_colors_info=&#8221;{}&#8221;][\/et_pb_heading][et_pb_text _builder_version=&#8221;4.27.4&#8243; _module_preset=&#8221;default&#8221; text_text_color=&#8221;#FFFFFF&#8221; text_font_size=&#8221;18px&#8221; global_colors_info=&#8221;{}&#8221;]<\/p>\n<p><span style=\"color: #ffcc00;\"><strong>OMDB<\/strong><\/span> kh\u00f4ng ch\u1ec9 l\u00e0 m\u1ed9t \u0111\u1ed3ng ti\u1ec1n, m\u00e0 c\u00f2n l\u00e0 ch\u00eca kh\u00f3a cho m\u1ed9t n\u1ec1n kinh t\u1ebf phi t\u1eadp trung, ch\u1ee9c n\u0103ng v\u00e0 t\u00e1c \u0111\u1ed9ng th\u1ef1c s\u1ef1 m\u1edbi. H\u00e3y tr\u1edf th\u00e0nh m\u1ed9t ph\u1ea7n c\u1ee7a phong tr\u00e0o s\u1ebd thay \u0111\u1ed5i c\u00e1ch th\u1ebf gi\u1edbi s\u1eed d\u1ee5ng v\u00e0 nh\u1eadn th\u1ee9c v\u1ec1 ti\u1ec1n \u0111i\u1ec7n t\u1eed. <\/p>\n<p><strong>H\u00e3y ho\u00e0n th\u00e0nh m\u1eabu d\u01b0\u1edbi \u0111\u00e2y v\u00e0 nh\u00f3m c\u1ee7a ch\u00fang t\u00f4i s\u1ebd c\u1eadp nh\u1eadt cho b\u1ea1n th\u00f4ng tin v\u1ec1 s\u1ef1 tham gia c\u1ee7a b\u1ea1n v\u00e0o v\u00f2ng \u0111\u1ea7u t\u01b0 \u0111\u1ed9c quy\u1ec1n n\u00e0y:<\/strong><\/p>\n<p>[\/et_pb_text][\/et_pb_column][\/et_pb_row][et_pb_row column_structure=&#8221;1_4,1_2,1_4&#8243; _builder_version=&#8221;4.27.4&#8243; _module_preset=&#8221;default&#8221; global_colors_info=&#8221;{}&#8221;][et_pb_column type=&#8221;1_4&#8243; _builder_version=&#8221;4.27.4&#8243; _module_preset=&#8221;default&#8221; global_colors_info=&#8221;{}&#8221;][\/et_pb_column][et_pb_column type=&#8221;1_2&#8243; _builder_version=&#8221;4.27.4&#8243; _module_preset=&#8221;default&#8221; global_colors_info=&#8221;{}&#8221;][et_pb_contact_form email=&#8221;ceo@onemillionsdollar.com&#8221; title=&#8221;M\u1eabu \u0111\u01a1n tham gia&#8221; custom_message=&#8221;se acaba de registrar un nuevo usuario interesado en ser Partner OMDB.||et_pb_line_break_holder||nombre: %%name%% ||et_pb_line_break_holder||email: %%email%% ||et_pb_line_break_holder||Pais: %%country%% ||et_pb_line_break_holder||\u0110\u1ea3o ng\u01b0\u1ee3c: %%amount%% ||et_pb_line_break_holder||Li\u00ean h\u1ec7: %%whatsapp%%&#8221; success_message=&#8221;Bi\u1ec3u m\u1eabu \u0111\u00e3 \u0111\u01b0\u1ee3c g\u1eedi th\u00e0nh c\u00f4ng&#8221; submit_button_text=&#8221;N\u1ed9p m\u1eabu&#8221; _builder_version=&#8221;4.27.4&#8243; _module_preset=&#8221;default&#8221; _unique_id=&#8221;1b5cb9a9-4340-433c-9655-2766b00b8cce&#8221; title_font=&#8221;|700|||||||&#8221; title_text_align=&#8221;center&#8221; title_text_color=&#8221;#F0B800&#8243; captcha_text_color=&#8221;#FFFFFF&#8221; custom_button=&#8221;on&#8221; button_text_color=&#8221;#F0B800&#8243; button_bg_color=&#8221;#000000&#8243; button_border_width=&#8221;2px&#8221; button_border_radius=&#8221;16px&#8221; global_colors_info=&#8221;{}&#8221;][et_pb_contact_field field_id=&#8221;name&#8221; field_title=&#8221;H\u1ecd v\u00e0 t\u00ean \u0111\u1ea7y \u0111\u1ee7&#8221; fullwidth_field=&#8221;on&#8221; _builder_version=&#8221;4.27.4&#8243; _module_preset=&#8221;default&#8221; global_colors_info=&#8221;{}&#8221;][\/et_pb_contact_field][et_pb_contact_field field_id=&#8221;email&#8221; field_title=&#8221;\u0110\u1ecba ch\u1ec9 email&#8221; fullwidth_field=&#8221;on&#8221; _builder_version=&#8221;4.27.4&#8243; _module_preset=&#8221;default&#8221; global_colors_info=&#8221;{}&#8221;][\/et_pb_contact_field][et_pb_contact_field field_id=&#8221;country&#8221; field_title=&#8221;Qu\u1ed1c gia c\u01b0 tr\u00fa&#8221; fullwidth_field=&#8221;on&#8221; _builder_version=&#8221;4.27.4&#8243; _module_preset=&#8221;default&#8221; global_colors_info=&#8221;{}&#8221;][\/et_pb_contact_field][et_pb_contact_field field_id=&#8221;amount&#8221; field_title=&#8221;S\u1ed1 ti\u1ec1n b\u1ea1n mu\u1ed1n \u0111\u1ea7u t\u01b0 (USD)&#8221; fullwidth_field=&#8221;on&#8221; _builder_version=&#8221;4.27.4&#8243; _module_preset=&#8221;default&#8221; global_colors_info=&#8221;{}&#8221;][\/et_pb_contact_field][et_pb_contact_field field_id=&#8221;whatsapp&#8221; field_title=&#8221;\u0110i\u1ec7n tho\u1ea1i ho\u1eb7c ph\u01b0\u01a1ng ti\u1ec7n li\u00ean l\u1ea1c \u01b0a th\u00edch.&#8221; fullwidth_field=&#8221;on&#8221; _builder_version=&#8221;4.27.4&#8243; _module_preset=&#8221;default&#8221; global_colors_info=&#8221;{}&#8221;][\/et_pb_contact_field][\/et_pb_contact_form][\/et_pb_column][et_pb_column type=&#8221;1_4&#8243; _builder_version=&#8221;4.27.4&#8243; _module_preset=&#8221;default&#8221; global_colors_info=&#8221;{}&#8221;][\/et_pb_column][\/et_pb_row][et_pb_row _builder_version=&#8221;4.27.4&#8243; _module_preset=&#8221;default&#8221; global_colors_info=&#8221;{}&#8221;][et_pb_column type=&#8221;4_4&#8243; _builder_version=&#8221;4.27.4&#8243; _module_preset=&#8221;default&#8221; global_colors_info=&#8221;{}&#8221;][et_pb_heading title=&#8221;  \u0110\u00e2y l\u00e0 c\u01a1 h\u1ed9i c\u1ee7a b\u1ea1n: \u0110\u1eebng b\u1ecf l\u1ee1!&#8221; _builder_version=&#8221;4.27.4&#8243; _module_preset=&#8221;default&#8221; title_font=&#8221;|700|||||||&#8221; title_text_align=&#8221;center&#8221; title_text_color=&#8221;#FFFFFF&#8221; title_font_size=&#8221;40px&#8221; title_text_shadow_style=&#8221;preset1&#8243; global_colors_info=&#8221;{}&#8221;][\/et_pb_heading][et_pb_text _builder_version=&#8221;4.27.4&#8243; _module_preset=&#8221;default&#8221; text_text_color=&#8221;#FFFFFF&#8221; text_font_size=&#8221;18px&#8221; global_colors_info=&#8221;{}&#8221;]<\/p>\n<p><span style=\"color: #ffcc00;\"><strong>\u0110\u1ee3t b\u00e1n ri\u00eang c\u1ee7a OMDB l\u00e0 \u0111\u1ed9c quy\u1ec1n<\/strong><\/span> , duy nh\u1ea5t v\u00e0 kh\u00f4ng th\u1ec3 l\u1eb7p l\u1ea1i. H\u00e3y b\u1ea3o v\u1ec7 kho\u1ea3n \u0111\u1ea7u t\u01b0 c\u1ee7a b\u1ea1n ngay h\u00f4m nay v\u1edbi m\u1ee9c gi\u00e1 c\u1ea1nh tranh nh\u1ea5t tr\u00ean th\u1ecb tr\u01b0\u1eddng v\u00e0 tr\u1edf th\u00e0nh m\u1ed9t ph\u1ea7n c\u1ee7a ti\u1ec1n \u0111i\u1ec7n t\u1eed \u0111\u01b0\u1ee3c thi\u1ebft k\u1ebf \u0111\u1ec3 t\u1ea1o ra gi\u00e1 tr\u1ecb li\u00ean t\u1ee5c v\u00e0 t\u0103ng tr\u01b0\u1edfng v\u1eefng ch\u1eafc. <\/p>\n<p><span style=\"color: #ffcc00;\"><strong>Nhanh l\u00ean!<\/strong><\/span>  \u01afu \u0111\u00e3i n\u00e0y ch\u1ec9 c\u00f3 trong th\u1eddi gian c\u00f3 h\u1ea1n v\u00e0 c\u01a1 h\u1ed9i nh\u01b0 th\u1ebf n\u00e0y hi\u1ebfm khi l\u1eb7p l\u1ea1i.<\/p>\n<p><span style=\"color: #ffcc00;\"><strong>\u0110\u1ea7u t\u01b0 ngay b\u00e2y gi\u1edd v\u00e0 \u0111\u1ea3m b\u1ea3o t\u01b0\u01a1ng lai t\u00e0i ch\u00ednh c\u1ee7a b\u1ea1n v\u1edbi OMDB.<\/strong><\/span><\/p>\n<p>[\/et_pb_text][\/et_pb_column][\/et_pb_row][\/et_pb_section]<\/p>\n","protected":false},"excerpt":{"rendered":"<p>onemillionsdollar.com LLC m\u1edf ra c\u00e1nh c\u1eeda \u0111\u1ebfn m\u1ed9t th\u1ebf gi\u1edbi c\u00f3 l\u1ee3i nhu\u1eadn v\u00e0 t\u0103ng tr\u01b0\u1edfng ch\u01b0a t\u1eebng c\u00f3. Ch\u00fang t\u00f4i cung c\u1ea5p cho m\u1ed9t nh\u00f3m ng\u01b0\u1eddi \u0111\u01b0\u1ee3c ch\u1ecdn c\u01a1 h\u1ed9i s\u1edf h\u1eefu OMDB , m\u1ed9t lo\u1ea1i ti\u1ec1n \u0111i\u1ec7n t\u1eed c\u00f3 ti\u1ec1m n\u0103ng m\u1edf r\u1ed9ng v\u00f4 song, v\u1edbi m\u1ee9c gi\u00e1 b\u00e1n tr\u01b0\u1edbc \u0111\u1ed9c quy\u1ec1n.\u0110\u1ee3t b\u00e1n [&hellip;]<\/p>\n","protected":false},"author":1,"featured_media":0,"parent":0,"menu_order":0,"comment_status":"closed","ping_status":"closed","template":"page-template-blank.php","meta":{"_et_pb_use_builder":"on","_et_pb_old_content":"","_et_gb_content_width":"","footnotes":""},"class_list":["post-1807","page","type-page","status-publish","hentry"],"_links":{"self":[{"href":"https:\/\/omdblockchain.com\/vi\/wp-json\/wp\/v2\/pages\/1807","targetHints":{"allow":["GET"]}}],"collection":[{"href":"https:\/\/omdblockchain.com\/vi\/wp-json\/wp\/v2\/pages"}],"about":[{"href":"https:\/\/omdblockchain.com\/vi\/wp-json\/wp\/v2\/types\/page"}],"author":[{"embeddable":true,"href":"https:\/\/omdblockchain.com\/vi\/wp-json\/wp\/v2\/users\/1"}],"replies":[{"embeddable":true,"href":"https:\/\/omdblockchain.com\/vi\/wp-json\/wp\/v2\/comments?post=1807"}],"version-history":[{"count":16,"href":"https:\/\/omdblockchain.com\/vi\/wp-json\/wp\/v2\/pages\/1807\/revisions"}],"predecessor-version":[{"id":4097,"href":"https:\/\/omdblockchain.com\/vi\/wp-json\/wp\/v2\/pages\/1807\/revisions\/4097"}],"wp:attachment":[{"href":"https:\/\/omdblockchain.com\/vi\/wp-json\/wp\/v2\/media?parent=1807"}],"curies":[{"name":"wp","href":"https:\/\/api.w.org\/{rel}","templated":true}]}}