{"id":1700,"date":"2025-05-25T14:21:29","date_gmt":"2025-05-25T14:21:29","guid":{"rendered":"https:\/\/omdblockchain.com\/ortak\/"},"modified":"2025-09-24T21:57:39","modified_gmt":"2025-09-24T21:57:39","slug":"ortak","status":"publish","type":"page","link":"https:\/\/omdblockchain.com\/tr\/ortak\/","title":{"rendered":"Ortak"},"content":{"rendered":"<p>[et_pb_section fb_built=&#8221;1&#8243; _builder_version=&#8221;4.27.4&#8243; _module_preset=&#8221;default&#8221; background_color=&#8221;rgba(0,0,0,0.45)&#8221; background_image=&#8221;https:\/\/omdblockchain.com\/wp-content\/uploads\/2025\/04\/trading.jpg&#8221; background_blend=&#8221;overlay&#8221; bottom_divider_style=&#8221;waves2&#8243; bottom_divider_color=&#8221;#000000&#8243; global_colors_info=&#8221;{}&#8221;][et_pb_row _builder_version=&#8221;4.27.4&#8243; _module_preset=&#8221;default&#8221; global_colors_info=&#8221;{}&#8221;][et_pb_column type=&#8221;4_4&#8243; _builder_version=&#8221;4.27.4&#8243; _module_preset=&#8221;default&#8221; global_colors_info=&#8221;{}&#8221;][et_pb_menu menu_id=&#8221;85&#8243; menu_style=&#8221;centered&#8221; _builder_version=&#8221;4.27.4&#8243; _module_preset=&#8221;default&#8221; width=&#8221;20%&#8221; module_alignment=&#8221;right&#8221; global_colors_info=&#8221;{}&#8221;][\/et_pb_menu][et_pb_heading title=&#8221;Vizyoner Yat\u0131r\u0131mc\u0131lar i\u00e7in Benzersiz ve S\u0131n\u0131rl\u0131 Bir F\u0131rsat&#8221; _builder_version=&#8221;4.27.4&#8243; _module_preset=&#8221;default&#8221; title_font=&#8221;|700|||||||&#8221; title_text_align=&#8221;center&#8221; title_text_color=&#8221;#FFFFFF&#8221; title_font_size=&#8221;40px&#8221; title_text_shadow_style=&#8221;preset1&#8243; global_colors_info=&#8221;{}&#8221;][\/et_pb_heading][\/et_pb_column][\/et_pb_row][et_pb_row column_structure=&#8221;1_2,1_2&#8243; _builder_version=&#8221;4.27.4&#8243; _module_preset=&#8221;default&#8221; global_colors_info=&#8221;{}&#8221;][et_pb_column type=&#8221;1_2&#8243; _builder_version=&#8221;4.27.4&#8243; _module_preset=&#8221;default&#8221; global_colors_info=&#8221;{}&#8221;][et_pb_heading title=&#8221;OMDB Kripto Para Biriminin \u00d6zel Sat\u0131\u015f\u0131na Yat\u0131r\u0131m Yap\u0131n&#8221; _builder_version=&#8221;4.27.4&#8243; _module_preset=&#8221;default&#8221; title_font=&#8221;|700|||||||&#8221; title_text_color=&#8221;#F0B800&#8243; title_text_shadow_style=&#8221;preset1&#8243; global_colors_info=&#8221;{}&#8221;][\/et_pb_heading][et_pb_text _builder_version=&#8221;4.27.4&#8243; _module_preset=&#8221;default&#8221; text_text_color=&#8221;#FFFFFF&#8221; global_colors_info=&#8221;{}&#8221;]<\/p>\n<p><span style=\"color: #ffcc00;\"><strong>onemillionsdollar.com LLC<\/strong> <\/span>benzeri g\u00f6r\u00fclmemi\u015f bir k\u00e2rl\u0131l\u0131k ve b\u00fcy\u00fcme d\u00fcnyas\u0131n\u0131n kap\u0131lar\u0131n\u0131 a\u00e7\u0131yor.<\/p>\n<p>Se\u00e7kin bir grup insana, a\u015fa\u011f\u0131daki \u00f6zelliklere sahip olma imkan\u0131 sunuyoruz <span style=\"color: #ffcc00;\"><strong>OMDB<\/strong><\/span>benzersiz bir geni\u015fleme potansiyeline sahip bir kripto varl\u0131kt\u0131r, <span style=\"color: #ffcc00;\"><strong>\u00f6zel \u00f6n sat\u0131\u015f fiyatlar\u0131yla.<\/strong><\/span><\/p>\n<p>[\/et_pb_text][et_pb_heading title=&#8221;Sadece 100 milyon jeton mevcut&#8221; _builder_version=&#8221;4.27.4&#8243; _module_preset=&#8221;default&#8221; title_font=&#8221;|700|||||||&#8221; title_text_color=&#8221;#F0B800&#8243; global_colors_info=&#8221;{}&#8221;][\/et_pb_heading][et_pb_text _builder_version=&#8221;4.27.4&#8243; _module_preset=&#8221;default&#8221; text_text_color=&#8221;#FFFFFF&#8221; global_colors_info=&#8221;{}&#8221;]<\/p>\n<p>Bu \u00f6zel sat\u0131\u015f s\u0131n\u0131rl\u0131 ve \u00f6zeldir. Bir kez <span style=\"color: #ffcc00;\"><strong>100 milyon OMDB<\/strong><\/span> Bu a\u015fama i\u00e7in ayr\u0131lan \u00f6denek t\u00fckenmi\u015ftir, bu fiyatlarla ikinci bir \u015fans olmayacakt\u0131r. <\/p>\n<p>[\/et_pb_text][\/et_pb_column][et_pb_column type=&#8221;1_2&#8243; _builder_version=&#8221;4.27.4&#8243; _module_preset=&#8221;default&#8221; global_colors_info=&#8221;{}&#8221;][et_pb_image src=&#8221;https:\/\/omdblockchain.com\/wp-content\/uploads\/2025\/04\/omdbmaleta.png&#8221; title_text=&#8221;omdbmaleta&#8221; _builder_version=&#8221;4.27.4&#8243; _module_preset=&#8221;default&#8221; global_colors_info=&#8221;{}&#8221;][\/et_pb_image][\/et_pb_column][\/et_pb_row][\/et_pb_section][et_pb_section fb_built=&#8221;1&#8243; _builder_version=&#8221;4.27.4&#8243; _module_preset=&#8221;default&#8221; background_image=&#8221;https:\/\/omdblockchain.com\/wp-content\/uploads\/2025\/04\/toro.jpg&#8221; parallax=&#8221;on&#8221; top_divider_style=&#8221;waves2&#8243; top_divider_color=&#8221;#000000&#8243; global_colors_info=&#8221;{}&#8221;][et_pb_row _builder_version=&#8221;4.27.4&#8243; _module_preset=&#8221;default&#8221; global_colors_info=&#8221;{}&#8221;][et_pb_column type=&#8221;4_4&#8243; _builder_version=&#8221;4.27.4&#8243; _module_preset=&#8221;default&#8221; global_colors_info=&#8221;{}&#8221;][et_pb_heading title=&#8221;S\u0131n\u0131rlar\u0131 Olmayan Bir Ekosistem&#8221; _builder_version=&#8221;4.27.4&#8243; _module_preset=&#8221;default&#8221; title_font=&#8221;|700|||||||&#8221; title_text_align=&#8221;center&#8221; title_text_color=&#8221;#FFFFFF&#8221; title_font_size=&#8221;40px&#8221; title_text_shadow_style=&#8221;preset1&#8243; global_colors_info=&#8221;{}&#8221;][\/et_pb_heading][et_pb_text _builder_version=&#8221;4.27.4&#8243; _module_preset=&#8221;default&#8221; text_text_color=&#8221;#FFFFFF&#8221; text_font_size=&#8221;18px&#8221; global_colors_info=&#8221;{}&#8221;]<\/p>\n<p><span style=\"color: #ffcc00;\"><strong>onemillionsdollar.com LLC<\/strong><\/span> kripto d\u00fcnyas\u0131nda \u015fimdiye kadar g\u00f6r\u00fclen en b\u00fcy\u00fck kullan\u0131labilirlik ekosistemini in\u015fa ediyor:<\/p>\n<p>[\/et_pb_text][\/et_pb_column][\/et_pb_row][et_pb_row column_structure=&#8221;1_3,1_3,1_3&#8243; _builder_version=&#8221;4.27.4&#8243; _module_preset=&#8221;default&#8221; global_colors_info=&#8221;{}&#8221;][et_pb_column type=&#8221;1_3&#8243; _builder_version=&#8221;4.27.4&#8243; _module_preset=&#8221;default&#8221; global_colors_info=&#8221;{}&#8221;][et_pb_text _builder_version=&#8221;4.27.4&#8243; _module_preset=&#8221;default&#8221; text_text_color=&#8221;#FFFFFF&#8221; custom_margin=&#8221;|||80px||&#8221; global_colors_info=&#8221;{}&#8221;]<\/p>\n<ul>\n<li>Entegre platformlar<\/li>\n<li>K\u00fcresel hizmetler<\/li>\n<li>Dijital ticaret<\/li>\n<li>An\u0131nda \u00f6demeler<\/li>\n<li>Oyunla\u015ft\u0131rma ve \u00f6d\u00fcller<\/li>\n<\/ul>\n<p>[\/et_pb_text][\/et_pb_column][et_pb_column type=&#8221;1_3&#8243; _builder_version=&#8221;4.27.4&#8243; _module_preset=&#8221;default&#8221; global_colors_info=&#8221;{}&#8221;][et_pb_video src=&#8221;https:\/\/youtu.be\/Df9ppgfom9A&#8221; _builder_version=&#8221;4.27.4&#8243; _module_preset=&#8221;default&#8221; module_alignment=&#8221;center&#8221; hover_enabled=&#8221;0&#8243; sticky_enabled=&#8221;0&#8243;][\/et_pb_video][\/et_pb_column][et_pb_column type=&#8221;1_3&#8243; _builder_version=&#8221;4.27.4&#8243; _module_preset=&#8221;default&#8221; global_colors_info=&#8221;{}&#8221;][et_pb_video src=&#8221;https:\/\/youtu.be\/4T4GnOZxSFI&#8221; _builder_version=&#8221;4.27.4&#8243; _module_preset=&#8221;default&#8221; module_alignment=&#8221;center&#8221; global_colors_info=&#8221;{}&#8221;][\/et_pb_video][\/et_pb_column][\/et_pb_row][et_pb_row _builder_version=&#8221;4.27.4&#8243; _module_preset=&#8221;default&#8221; global_colors_info=&#8221;{}&#8221;][et_pb_column type=&#8221;4_4&#8243; _builder_version=&#8221;4.27.4&#8243; _module_preset=&#8221;default&#8221; global_colors_info=&#8221;{}&#8221;][et_pb_button button_url=&#8221;https:\/\/omdblockchain.com\/whitepaper\/&#8221; url_new_window=&#8221;on&#8221; button_text=&#8221;Beyaz Sayfam\u0131z\u0131 \u0130nceleyin&#8221; button_alignment=&#8221;center&#8221; _builder_version=&#8221;4.27.4&#8243; _module_preset=&#8221;default&#8221; custom_button=&#8221;on&#8221; button_text_color=&#8221;#000000&#8243; button_bg_color=&#8221;#E09900&#8243; button_border_width=&#8221;0px&#8221; button_border_radius=&#8221;20px&#8221; button_font=&#8221;&#8211;et_global_heading_font|700|||||||&#8221; locked=&#8221;off&#8221; global_colors_info=&#8221;{}&#8221;][\/et_pb_button][et_pb_heading title=&#8221;Bunun bir par\u00e7as\u0131 olmak istiyor musun?&#8221; _builder_version=&#8221;4.27.4&#8243; _module_preset=&#8221;default&#8221; title_font=&#8221;|700|||||||&#8221; title_text_align=&#8221;center&#8221; title_text_color=&#8221;#FFFFFF&#8221; title_font_size=&#8221;40px&#8221; title_text_shadow_style=&#8221;preset1&#8243; global_colors_info=&#8221;{}&#8221;][\/et_pb_heading][et_pb_text _builder_version=&#8221;4.27.4&#8243; _module_preset=&#8221;default&#8221; text_text_color=&#8221;#FFFFFF&#8221; text_font_size=&#8221;18px&#8221; global_colors_info=&#8221;{}&#8221;]<\/p>\n<p><span style=\"color: #ffcc00;\"><strong>OMDB<\/strong><\/span> sadece bir coin de\u011fil, yeni bir merkezi olmayan, i\u015flevsel ve ger\u00e7ek etki ekonomisinin anahtar\u0131d\u0131r. D\u00fcnyan\u0131n kripto para birimlerini kullanma ve alg\u0131lama \u015feklini de\u011fi\u015ftirecek bir hareketin par\u00e7as\u0131 olun. <\/p>\n<p><strong>A\u015fa\u011f\u0131daki formu doldurun; ekibimiz bu \u00f6zel yat\u0131r\u0131m turuna kat\u0131l\u0131m\u0131n\u0131z hakk\u0131nda sizi bilgilendirecektir:<\/strong><\/p>\n<p>[\/et_pb_text][\/et_pb_column][\/et_pb_row][et_pb_row column_structure=&#8221;1_4,1_2,1_4&#8243; _builder_version=&#8221;4.27.4&#8243; _module_preset=&#8221;default&#8221; global_colors_info=&#8221;{}&#8221;][et_pb_column type=&#8221;1_4&#8243; _builder_version=&#8221;4.27.4&#8243; _module_preset=&#8221;default&#8221; global_colors_info=&#8221;{}&#8221;][\/et_pb_column][et_pb_column type=&#8221;1_2&#8243; _builder_version=&#8221;4.27.4&#8243; _module_preset=&#8221;default&#8221; global_colors_info=&#8221;{}&#8221;][et_pb_contact_form email=&#8221;ceo@onemillionsdollar.com&#8221; title=&#8221;Kat\u0131l\u0131m Formu&#8221; custom_message=&#8221;se acaba de registrar un nuevo usuario interesado en ser Partner OMDB.||et_pb_line_break_holder||nombre: %%name%%||et_pb_line_break_holder||email: %%email%%||et_pb_line_break_holder||Pais: %%country%%||et_pb_line_break_holder||Inversi\u00f3n: %%amount%%||et_pb_line_break_holder|\u0130\u00e7erik: %%whatsapp%%&#8221; success_message=&#8221;Form ba\u015far\u0131yla g\u00f6nderildi&#8221; submit_button_text=&#8221;Form G\u00f6nder&#8221; _builder_version=&#8221;4.27.4&#8243; _module_preset=&#8221;default&#8221; _unique_id=&#8221;1b5cb9a9-4340-433c-9655-2766b00b8cce&#8221; title_font=&#8221;|700|||||||&#8221; title_text_align=&#8221;center&#8221; title_text_color=&#8221;#F0B800&#8243; captcha_text_color=&#8221;#FFFFFF&#8221; custom_button=&#8221;on&#8221; button_text_color=&#8221;#F0B800&#8243; button_bg_color=&#8221;#000000&#8243; button_border_width=&#8221;2px&#8221; button_border_radius=&#8221;16px&#8221; global_colors_info=&#8221;{}&#8221;][et_pb_contact_field field_id=&#8221;name&#8221; field_title=&#8221;Ad Soyad&#8221; fullwidth_field=&#8221;on&#8221; _builder_version=&#8221;4.27.4&#8243; _module_preset=&#8221;default&#8221; global_colors_info=&#8221;{}&#8221;][\/et_pb_contact_field][et_pb_contact_field field_id=&#8221;email&#8221; field_title=&#8221;E-posta adresi&#8221; fullwidth_field=&#8221;on&#8221; _builder_version=&#8221;4.27.4&#8243; _module_preset=&#8221;default&#8221; global_colors_info=&#8221;{}&#8221;][\/et_pb_contact_field][et_pb_contact_field field_id=&#8221;country&#8221; field_title=&#8221;\u0130kamet Edilen \u00dclke&#8221; fullwidth_field=&#8221;on&#8221; _builder_version=&#8221;4.27.4&#8243; _module_preset=&#8221;default&#8221; global_colors_info=&#8221;{}&#8221;][\/et_pb_contact_field][et_pb_contact_field field_id=&#8221;amount&#8221; field_title=&#8221;Yat\u0131r\u0131m yapmak istedi\u011finiz miktar (USD)&#8221; fullwidth_field=&#8221;on&#8221; _builder_version=&#8221;4.27.4&#8243; _module_preset=&#8221;default&#8221; global_colors_info=&#8221;{}&#8221;][\/et_pb_contact_field][et_pb_contact_field field_id=&#8221;whatsapp&#8221; field_title=&#8221;Telefon veya tercih edilen ileti\u015fim arac\u0131.&#8221; fullwidth_field=&#8221;on&#8221; _builder_version=&#8221;4.27.4&#8243; _module_preset=&#8221;default&#8221; global_colors_info=&#8221;{}&#8221;][\/et_pb_contact_field][\/et_pb_contact_form][\/et_pb_column][et_pb_column type=&#8221;1_4&#8243; _builder_version=&#8221;4.27.4&#8243; _module_preset=&#8221;default&#8221; global_colors_info=&#8221;{}&#8221;][\/et_pb_column][\/et_pb_row][et_pb_row _builder_version=&#8221;4.27.4&#8243; _module_preset=&#8221;default&#8221; global_colors_info=&#8221;{}&#8221;][et_pb_column type=&#8221;4_4&#8243; _builder_version=&#8221;4.27.4&#8243; _module_preset=&#8221;default&#8221; global_colors_info=&#8221;{}&#8221;][et_pb_heading title=&#8221;  Bu sizin i\u00e7in bir \u015fans: Sak\u0131n ka\u00e7\u0131rmay\u0131n!&#8221; _builder_version=&#8221;4.27.4&#8243; _module_preset=&#8221;default&#8221; title_font=&#8221;|700|||||||&#8221; title_text_align=&#8221;center&#8221; title_text_color=&#8221;#FFFFFF&#8221; title_font_size=&#8221;40px&#8221; title_text_shadow_style=&#8221;preset1&#8243; global_colors_info=&#8221;{}&#8221;][\/et_pb_heading][et_pb_text _builder_version=&#8221;4.27.4&#8243; _module_preset=&#8221;default&#8221; text_text_color=&#8221;#FFFFFF&#8221; text_font_size=&#8221;18px&#8221; global_colors_info=&#8221;{}&#8221;]<\/p>\n<p><span style=\"color: #ffcc00;\"><strong>OMDB&#8217;nin \u00f6zel sat\u0131\u015f\u0131 \u00f6zeldir<\/strong><\/span>benzersiz ve tekrarlanamaz. Yat\u0131r\u0131m\u0131n\u0131z\u0131 bug\u00fcn piyasadaki en rekabet\u00e7i fiyatla g\u00fcvence alt\u0131na al\u0131n ve s\u00fcrekli de\u011fer ve sa\u011flam b\u00fcy\u00fcme yaratmak i\u00e7in tasarlanm\u0131\u015f bir kripto para biriminin par\u00e7as\u0131 olun. <\/p>\n<p><span style=\"color: #ffcc00;\"><strong>Acele edin!<\/strong><\/span>  Bu teklif s\u0131n\u0131rl\u0131 bir s\u00fcre i\u00e7indir ve bunun gibi f\u0131rsatlar nadiren tekrarlan\u0131r.<\/p>\n<p><span style=\"color: #ffcc00;\"><strong>OMDB ile \u015fimdi yat\u0131r\u0131m yap\u0131n ve finansal gelece\u011finizi g\u00fcvence alt\u0131na al\u0131n.<\/strong><\/span><\/p>\n<p>[\/et_pb_text][\/et_pb_column][\/et_pb_row][\/et_pb_section]<\/p>\n","protected":false},"excerpt":{"rendered":"<p>onemillionsdollar.com LLC benzeri g\u00f6r\u00fclmemi\u015f bir k\u00e2rl\u0131l\u0131k ve b\u00fcy\u00fcme d\u00fcnyas\u0131n\u0131n kap\u0131lar\u0131n\u0131 a\u00e7\u0131yor. Se\u00e7kin bir grup insana, a\u015fa\u011f\u0131daki \u00f6zelliklere sahip olma imkan\u0131 sunuyoruz OMDBbenzersiz bir geni\u015fleme potansiyeline sahip bir kripto varl\u0131kt\u0131r, \u00f6zel \u00f6n sat\u0131\u015f fiyatlar\u0131yla.Bu \u00f6zel sat\u0131\u015f s\u0131n\u0131rl\u0131 ve \u00f6zeldir. Bir kez 100 milyon OMDB Bu a\u015fama i\u00e7in ayr\u0131lan \u00f6denek t\u00fckenmi\u015ftir, bu fiyatlarla ikinci bir \u015fans olmayacakt\u0131r. [&hellip;]<\/p>\n","protected":false},"author":1,"featured_media":0,"parent":0,"menu_order":0,"comment_status":"closed","ping_status":"closed","template":"page-template-blank.php","meta":{"_et_pb_use_builder":"on","_et_pb_old_content":"","_et_gb_content_width":"","footnotes":""},"class_list":["post-1700","page","type-page","status-publish","hentry"],"_links":{"self":[{"href":"https:\/\/omdblockchain.com\/tr\/wp-json\/wp\/v2\/pages\/1700","targetHints":{"allow":["GET"]}}],"collection":[{"href":"https:\/\/omdblockchain.com\/tr\/wp-json\/wp\/v2\/pages"}],"about":[{"href":"https:\/\/omdblockchain.com\/tr\/wp-json\/wp\/v2\/types\/page"}],"author":[{"embeddable":true,"href":"https:\/\/omdblockchain.com\/tr\/wp-json\/wp\/v2\/users\/1"}],"replies":[{"embeddable":true,"href":"https:\/\/omdblockchain.com\/tr\/wp-json\/wp\/v2\/comments?post=1700"}],"version-history":[{"count":18,"href":"https:\/\/omdblockchain.com\/tr\/wp-json\/wp\/v2\/pages\/1700\/revisions"}],"predecessor-version":[{"id":4095,"href":"https:\/\/omdblockchain.com\/tr\/wp-json\/wp\/v2\/pages\/1700\/revisions\/4095"}],"wp:attachment":[{"href":"https:\/\/omdblockchain.com\/tr\/wp-json\/wp\/v2\/media?parent=1700"}],"curies":[{"name":"wp","href":"https:\/\/api.w.org\/{rel}","templated":true}]}}