{"id":1715,"date":"2025-05-25T14:21:29","date_gmt":"2025-05-25T14:21:29","guid":{"rendered":"https:\/\/omdblockchain.com\/partner\/"},"modified":"2025-09-24T21:59:30","modified_gmt":"2025-09-24T21:59:30","slug":"partner","status":"publish","type":"page","link":"https:\/\/omdblockchain.com\/pl\/partner\/","title":{"rendered":"Partner"},"content":{"rendered":"<p>[et_pb_section fb_built=&#8221;1&#8243; _builder_version=&#8221;4.27.4&#8243; _module_preset=&#8221;default&#8221; background_color=&#8221;rgba(0,0,0,0.45)&#8221; background_image=&#8221;https:\/\/omdblockchain.com\/wp-content\/uploads\/2025\/04\/trading.jpg&#8221; background_blend=&#8221;overlay&#8221; bottom_divider_style=&#8221;waves2&#8243; bottom_divider_color=&#8221;#000000&#8243; global_colors_info=&#8221;{}&#8221;][et_pb_row _builder_version=&#8221;4.27.4&#8243; _module_preset=&#8221;default&#8221; global_colors_info=&#8221;{}&#8221;][et_pb_column type=&#8221;4_4&#8243; _builder_version=&#8221;4.27.4&#8243; _module_preset=&#8221;default&#8221; global_colors_info=&#8221;{}&#8221;][et_pb_menu menu_id=&#8221;85&#8243; menu_style=&#8221;centered&#8221; _builder_version=&#8221;4.27.4&#8243; _module_preset=&#8221;default&#8221; width=&#8221;20%&#8221; module_alignment=&#8221;right&#8221; global_colors_info=&#8221;{}&#8221;][\/et_pb_menu][et_pb_heading title=&#8221;Wyj\u0105tkowa i ograniczona okazja dla wizjonerskich inwestor\u00f3w&#8221; _builder_version=&#8221;4.27.4&#8243; _module_preset=&#8221;default&#8221; title_font=&#8221;|700|||||||&#8221; title_text_align=&#8221;center&#8221; title_text_color=&#8221;#FFFFFF&#8221; title_font_size=&#8221;40px&#8221; title_text_shadow_style=&#8221;preset1&#8243; global_colors_info=&#8221;{}&#8221;][\/et_pb_heading][\/et_pb_column][\/et_pb_row][et_pb_row column_structure=&#8221;1_2,1_2&#8243; _builder_version=&#8221;4.27.4&#8243; _module_preset=&#8221;default&#8221; global_colors_info=&#8221;{}&#8221;][et_pb_column type=&#8221;1_2&#8243; _builder_version=&#8221;4.27.4&#8243; _module_preset=&#8221;default&#8221; global_colors_info=&#8221;{}&#8221;][et_pb_heading title=&#8221;Zainwestuj w prywatn\u0105 sprzeda\u017c kryptowaluty OMDB&#8221; _builder_version=&#8221;4.27.4&#8243; _module_preset=&#8221;default&#8221; title_font=&#8221;|700|||||||&#8221; title_text_color=&#8221;#F0B800&#8243; title_text_shadow_style=&#8221;preset1&#8243; global_colors_info=&#8221;{}&#8221;][\/et_pb_heading][et_pb_text _builder_version=&#8221;4.27.4&#8243; _module_preset=&#8221;default&#8221; text_text_color=&#8221;#FFFFFF&#8221; global_colors_info=&#8221;{}&#8221;]<\/p>\n<p><span style=\"color: #ffcc00;\"><strong>onemillionsdollar.com LLC<\/strong> <\/span>otwiera drzwi do \u015bwiata bezprecedensowej rentowno\u015bci i wzrostu.<\/p>\n<p>Oferujemy wybranej grupie os\u00f3b mo\u017cliwo\u015b\u0107 nabycia <span style=\"color: #ffcc00;\"><strong>OMDB<\/strong><\/span>kryptowaluty o niezr\u00f3wnanym potencjale ekspansji, <span style=\"color: #ffcc00;\"><strong>w ekskluzywnych cenach przedsprzeda\u017cowych.<\/strong><\/span><\/p>\n<p>[\/et_pb_text][et_pb_heading title=&#8221;Dost\u0119pnych jest tylko 100 milion\u00f3w monet&#8221; _builder_version=&#8221;4.27.4&#8243; _module_preset=&#8221;default&#8221; title_font=&#8221;|700|||||||&#8221; title_text_color=&#8221;#F0B800&#8243; global_colors_info=&#8221;{}&#8221;][\/et_pb_heading][et_pb_text _builder_version=&#8221;4.27.4&#8243; _module_preset=&#8221;default&#8221; text_text_color=&#8221;#FFFFFF&#8221; global_colors_info=&#8221;{}&#8221;]<\/p>\n<p>Ta prywatna sprzeda\u017c jest ograniczona i ekskluzywna. Po osi\u0105gni\u0119ciu <span style=\"color: #ffcc00;\"><strong>100 milion\u00f3w OMDB<\/strong><\/span> przeznaczone na t\u0119 faz\u0119 zostan\u0105 wyczerpane, nie b\u0119dzie drugiej szansy w tych cenach. <\/p>\n<p>[\/et_pb_text][\/et_pb_column][et_pb_column type=&#8221;1_2&#8243; _builder_version=&#8221;4.27.4&#8243; _module_preset=&#8221;default&#8221; global_colors_info=&#8221;{}&#8221;][et_pb_image src=&#8221;https:\/\/omdblockchain.com\/wp-content\/uploads\/2025\/04\/omdbmaleta.png&#8221; title_text=&#8221;omdbmaleta&#8221; _builder_version=&#8221;4.27.4&#8243; _module_preset=&#8221;default&#8221; global_colors_info=&#8221;{}&#8221;][\/et_pb_image][\/et_pb_column][\/et_pb_row][\/et_pb_section][et_pb_section fb_built=&#8221;1&#8243; _builder_version=&#8221;4.27.4&#8243; _module_preset=&#8221;default&#8221; background_image=&#8221;https:\/\/omdblockchain.com\/wp-content\/uploads\/2025\/04\/toro.jpg&#8221; parallax=&#8221;on&#8221; top_divider_style=&#8221;waves2&#8243; top_divider_color=&#8221;#000000&#8243; global_colors_info=&#8221;{}&#8221;][et_pb_row _builder_version=&#8221;4.27.4&#8243; _module_preset=&#8221;default&#8221; global_colors_info=&#8221;{}&#8221;][et_pb_column type=&#8221;4_4&#8243; _builder_version=&#8221;4.27.4&#8243; _module_preset=&#8221;default&#8221; global_colors_info=&#8221;{}&#8221;][et_pb_heading title=&#8221;Ekosystem bez ogranicze\u0144&#8221; _builder_version=&#8221;4.27.4&#8243; _module_preset=&#8221;default&#8221; title_font=&#8221;|700|||||||&#8221; title_text_align=&#8221;center&#8221; title_text_color=&#8221;#FFFFFF&#8221; title_font_size=&#8221;40px&#8221; title_text_shadow_style=&#8221;preset1&#8243; global_colors_info=&#8221;{}&#8221;][\/et_pb_heading][et_pb_text _builder_version=&#8221;4.27.4&#8243; _module_preset=&#8221;default&#8221; text_text_color=&#8221;#FFFFFF&#8221; text_font_size=&#8221;18px&#8221; global_colors_info=&#8221;{}&#8221;]<\/p>\n<p><span style=\"color: #ffcc00;\"><strong>onemillionsdollar.com LLC<\/strong><\/span> buduje najwi\u0119kszy ekosystem u\u017cyteczno\u015bci, jaki kiedykolwiek widziano w \u015bwiecie kryptowalut:<\/p>\n<p>[\/et_pb_text][\/et_pb_column][\/et_pb_row][et_pb_row column_structure=&#8221;1_3,1_3,1_3&#8243; _builder_version=&#8221;4.27.4&#8243; _module_preset=&#8221;default&#8221; global_colors_info=&#8221;{}&#8221;][et_pb_column type=&#8221;1_3&#8243; _builder_version=&#8221;4.27.4&#8243; _module_preset=&#8221;default&#8221; global_colors_info=&#8221;{}&#8221;][et_pb_text _builder_version=&#8221;4.27.4&#8243; _module_preset=&#8221;default&#8221; text_text_color=&#8221;#FFFFFF&#8221; custom_margin=&#8221;|||80px||&#8221; global_colors_info=&#8221;{}&#8221;]<\/p>\n<ul>\n<li>Zintegrowane platformy<\/li>\n<li>Us\u0142ugi globalne<\/li>\n<li>Handel cyfrowy<\/li>\n<li>Natychmiastowe p\u0142atno\u015bci<\/li>\n<li>Grywalizacja i nagrody<\/li>\n<\/ul>\n<p>[\/et_pb_text][\/et_pb_column][et_pb_column type=&#8221;1_3&#8243; _builder_version=&#8221;4.27.4&#8243; _module_preset=&#8221;default&#8221; global_colors_info=&#8221;{}&#8221;][et_pb_video src=&#8221;https:\/\/youtu.be\/yxJ1O-wD5HQ&#8221; _builder_version=&#8221;4.27.4&#8243; _module_preset=&#8221;default&#8221; module_alignment=&#8221;center&#8221; hover_enabled=&#8221;0&#8243; sticky_enabled=&#8221;0&#8243;][\/et_pb_video][\/et_pb_column][et_pb_column type=&#8221;1_3&#8243; _builder_version=&#8221;4.27.4&#8243; _module_preset=&#8221;default&#8221; global_colors_info=&#8221;{}&#8221;][et_pb_video src=&#8221;https:\/\/youtu.be\/N2ZXctDMYZU&#8221; _builder_version=&#8221;4.27.4&#8243; _module_preset=&#8221;default&#8221; module_alignment=&#8221;center&#8221; global_colors_info=&#8221;{}&#8221;][\/et_pb_video][\/et_pb_column][\/et_pb_row][et_pb_row _builder_version=&#8221;4.27.4&#8243; _module_preset=&#8221;default&#8221; global_colors_info=&#8221;{}&#8221;][et_pb_column type=&#8221;4_4&#8243; _builder_version=&#8221;4.27.4&#8243; _module_preset=&#8221;default&#8221; global_colors_info=&#8221;{}&#8221;][et_pb_button button_url=&#8221;https:\/\/omdblockchain.com\/whitepaper\/&#8221; url_new_window=&#8221;on&#8221; button_text=&#8221;Zapoznaj si\u0119 z naszym opracowaniem&#8221; button_alignment=&#8221;center&#8221; _builder_version=&#8221;4.27.4&#8243; _module_preset=&#8221;default&#8221; custom_button=&#8221;on&#8221; button_text_color=&#8221;#000000&#8243; button_bg_color=&#8221;#E09900&#8243; button_border_width=&#8221;0px&#8221; button_border_radius=&#8221;20px&#8221; button_font=&#8221;&#8211;et_global_heading_font|700|||||||&#8221; locked=&#8221;off&#8221; global_colors_info=&#8221;{}&#8221;][\/et_pb_button][et_pb_heading title=&#8221;Czy chcesz by\u0107 jego cz\u0119\u015bci\u0105?&#8221; _builder_version=&#8221;4.27.4&#8243; _module_preset=&#8221;default&#8221; title_font=&#8221;|700|||||||&#8221; title_text_align=&#8221;center&#8221; title_text_color=&#8221;#FFFFFF&#8221; title_font_size=&#8221;40px&#8221; title_text_shadow_style=&#8221;preset1&#8243; global_colors_info=&#8221;{}&#8221;][\/et_pb_heading][et_pb_text _builder_version=&#8221;4.27.4&#8243; _module_preset=&#8221;default&#8221; text_text_color=&#8221;#FFFFFF&#8221; text_font_size=&#8221;18px&#8221; global_colors_info=&#8221;{}&#8221;]<\/p>\n<p><span style=\"color: #ffcc00;\"><strong>OMDB<\/strong><\/span> to nie tylko moneta, to klucz do nowej zdecentralizowanej, funkcjonalnej i realnej gospodarki wp\u0142ywu. B\u0105d\u017a cz\u0119\u015bci\u0105 ruchu, kt\u00f3ry zmieni spos\u00f3b, w jaki \u015bwiat u\u017cywa i postrzega kryptowaluty. <\/p>\n<p><strong>Wype\u0142nij poni\u017cszy formularz, a nasz zesp\u00f3\u0142 b\u0119dzie na bie\u017c\u0105co informowa\u0142 Ci\u0119 o Twoim udziale w tej ekskluzywnej rundzie inwestycyjnej:<\/strong><\/p>\n<p>[\/et_pb_text][\/et_pb_column][\/et_pb_row][et_pb_row column_structure=&#8221;1_4,1_2,1_4&#8243; _builder_version=&#8221;4.27.4&#8243; _module_preset=&#8221;default&#8221; global_colors_info=&#8221;{}&#8221;][et_pb_column type=&#8221;1_4&#8243; _builder_version=&#8221;4.27.4&#8243; _module_preset=&#8221;default&#8221; global_colors_info=&#8221;{}&#8221;][\/et_pb_column][et_pb_column type=&#8221;1_2&#8243; _builder_version=&#8221;4.27.4&#8243; _module_preset=&#8221;default&#8221; global_colors_info=&#8221;{}&#8221;][et_pb_contact_form email=&#8221;ceo@onemillionsdollar.com&#8221; title=&#8221;Formularz uczestnictwa&#8221; custom_message=&#8221;W tej chwili chcemy zarejestrowa\u0107 nowego u\u017cytkownika, kt\u00f3ry chcia\u0142by zosta\u0107 Partnerem OMDB.||et_pb_line_break_holder||nombre: %%name%%|et_pb_line_break_holder||email: %%email%%||et_pb_line_break_holder||Pais: %%country%%||et_pb_line_break_holder||Inversi\u00f3n: %%amount%%|et_pb_line_break_holder||Cont\u00e1cto: %%whatsapp%%&#8221; success_message=&#8221;Formularz zosta\u0142 pomy\u015blnie wys\u0142any&#8221; submit_button_text=&#8221;Prze\u015blij formularz&#8221; _builder_version=&#8221;4.27.4&#8243; _module_preset=&#8221;default&#8221; _unique_id=&#8221;1b5cb9a9-4340-433c-9655-2766b00b8cce&#8221; title_font=&#8221;|700|||||||&#8221; title_text_align=&#8221;center&#8221; title_text_color=&#8221;#F0B800&#8243; captcha_text_color=&#8221;#FFFFFF&#8221; custom_button=&#8221;on&#8221; button_text_color=&#8221;#F0B800&#8243; button_bg_color=&#8221;#000000&#8243; button_border_width=&#8221;2px&#8221; button_border_radius=&#8221;16px&#8221; global_colors_info=&#8221;{}&#8221;][et_pb_contact_field field_id=&#8221;name&#8221; field_title=&#8221;Imi\u0119 i nazwisko&#8221; fullwidth_field=&#8221;on&#8221; _builder_version=&#8221;4.27.4&#8243; _module_preset=&#8221;default&#8221; global_colors_info=&#8221;{}&#8221;][\/et_pb_contact_field][et_pb_contact_field field_id=&#8221;email&#8221; field_title=&#8221;Adres e-mail&#8221; fullwidth_field=&#8221;on&#8221; _builder_version=&#8221;4.27.4&#8243; _module_preset=&#8221;default&#8221; global_colors_info=&#8221;{}&#8221;][\/et_pb_contact_field][et_pb_contact_field field_id=&#8221;country&#8221; field_title=&#8221;Kraj zamieszkania&#8221; fullwidth_field=&#8221;on&#8221; _builder_version=&#8221;4.27.4&#8243; _module_preset=&#8221;default&#8221; global_colors_info=&#8221;{}&#8221;][\/et_pb_contact_field][et_pb_contact_field field_id=&#8221;amount&#8221; field_title=&#8221;Kwota, kt\u00f3r\u0105 chcesz zainwestowa\u0107 (USD)&#8221; fullwidth_field=&#8221;on&#8221; _builder_version=&#8221;4.27.4&#8243; _module_preset=&#8221;default&#8221; global_colors_info=&#8221;{}&#8221;][\/et_pb_contact_field][et_pb_contact_field field_id=&#8221;whatsapp&#8221; field_title=&#8221;Telefon lub preferowany spos\u00f3b kontaktu.&#8221; fullwidth_field=&#8221;on&#8221; _builder_version=&#8221;4.27.4&#8243; _module_preset=&#8221;default&#8221; global_colors_info=&#8221;{}&#8221;][\/et_pb_contact_field][\/et_pb_contact_form][\/et_pb_column][et_pb_column type=&#8221;1_4&#8243; _builder_version=&#8221;4.27.4&#8243; _module_preset=&#8221;default&#8221; global_colors_info=&#8221;{}&#8221;][\/et_pb_column][\/et_pb_row][et_pb_row _builder_version=&#8221;4.27.4&#8243; _module_preset=&#8221;default&#8221; global_colors_info=&#8221;{}&#8221;][et_pb_column type=&#8221;4_4&#8243; _builder_version=&#8221;4.27.4&#8243; _module_preset=&#8221;default&#8221; global_colors_info=&#8221;{}&#8221;][et_pb_heading title=&#8221;  To jest twoja szansa: Nie przegap jej!&#8221; _builder_version=&#8221;4.27.4&#8243; _module_preset=&#8221;default&#8221; title_font=&#8221;|700|||||||&#8221; title_text_align=&#8221;center&#8221; title_text_color=&#8221;#FFFFFF&#8221; title_font_size=&#8221;40px&#8221; title_text_shadow_style=&#8221;preset1&#8243; global_colors_info=&#8221;{}&#8221;][\/et_pb_heading][et_pb_text _builder_version=&#8221;4.27.4&#8243; _module_preset=&#8221;default&#8221; text_text_color=&#8221;#FFFFFF&#8221; text_font_size=&#8221;18px&#8221; global_colors_info=&#8221;{}&#8221;]<\/p>\n<p><span style=\"color: #ffcc00;\"><strong>Prywatna sprzeda\u017c OMDB jest ekskluzywna<\/strong><\/span>wyj\u0105tkowa i niepowtarzalna. Zabezpiecz swoj\u0105 inwestycj\u0119 ju\u017c dzi\u015b po najbardziej konkurencyjnej cenie na rynku i sta\u0144 si\u0119 cz\u0119\u015bci\u0105 kryptowaluty zaprojektowanej do generowania sta\u0142ej warto\u015bci i solidnego wzrostu. <\/p>\n<p><span style=\"color: #ffcc00;\"><strong>Pospiesz si\u0119!<\/strong><\/span>  Ta oferta jest ograniczona czasowo, a okazje takie jak ta rzadko si\u0119 powtarzaj\u0105.<\/p>\n<p><span style=\"color: #ffcc00;\"><strong>Zainwestuj teraz i zabezpiecz swoj\u0105 finansow\u0105 przysz\u0142o\u015b\u0107 z OMDB.<\/strong><\/span><\/p>\n<p>[\/et_pb_text][\/et_pb_column][\/et_pb_row][\/et_pb_section]<\/p>\n","protected":false},"excerpt":{"rendered":"<p>onemillionsdollar.com LLC otwiera drzwi do \u015bwiata bezprecedensowej rentowno\u015bci i wzrostu. Oferujemy wybranej grupie os\u00f3b mo\u017cliwo\u015b\u0107 nabycia OMDBkryptowaluty o niezr\u00f3wnanym potencjale ekspansji, w ekskluzywnych cenach przedsprzeda\u017cowych.Ta prywatna sprzeda\u017c jest ograniczona i ekskluzywna. Po osi\u0105gni\u0119ciu 100 milion\u00f3w OMDB przeznaczone na t\u0119 faz\u0119 zostan\u0105 wyczerpane, nie b\u0119dzie drugiej szansy w tych cenach. onemillionsdollar.com LLC buduje najwi\u0119kszy ekosystem u\u017cyteczno\u015bci, [&hellip;]<\/p>\n","protected":false},"author":1,"featured_media":0,"parent":0,"menu_order":0,"comment_status":"closed","ping_status":"closed","template":"page-template-blank.php","meta":{"_et_pb_use_builder":"on","_et_pb_old_content":"","_et_gb_content_width":"","footnotes":""},"class_list":["post-1715","page","type-page","status-publish","hentry"],"_links":{"self":[{"href":"https:\/\/omdblockchain.com\/pl\/wp-json\/wp\/v2\/pages\/1715","targetHints":{"allow":["GET"]}}],"collection":[{"href":"https:\/\/omdblockchain.com\/pl\/wp-json\/wp\/v2\/pages"}],"about":[{"href":"https:\/\/omdblockchain.com\/pl\/wp-json\/wp\/v2\/types\/page"}],"author":[{"embeddable":true,"href":"https:\/\/omdblockchain.com\/pl\/wp-json\/wp\/v2\/users\/1"}],"replies":[{"embeddable":true,"href":"https:\/\/omdblockchain.com\/pl\/wp-json\/wp\/v2\/comments?post=1715"}],"version-history":[{"count":14,"href":"https:\/\/omdblockchain.com\/pl\/wp-json\/wp\/v2\/pages\/1715\/revisions"}],"predecessor-version":[{"id":4096,"href":"https:\/\/omdblockchain.com\/pl\/wp-json\/wp\/v2\/pages\/1715\/revisions\/4096"}],"wp:attachment":[{"href":"https:\/\/omdblockchain.com\/pl\/wp-json\/wp\/v2\/media?parent=1715"}],"curies":[{"name":"wp","href":"https:\/\/api.w.org\/{rel}","templated":true}]}}