{"id":1716,"date":"2025-05-25T14:21:29","date_gmt":"2025-05-25T14:21:29","guid":{"rendered":"https:\/\/omdblockchain.com\/partner\/"},"modified":"2025-09-18T04:49:36","modified_gmt":"2025-09-18T04:49:36","slug":"partner","status":"publish","type":"page","link":"https:\/\/omdblockchain.com\/it\/partner\/","title":{"rendered":"Partner"},"content":{"rendered":"<p>[et_pb_section fb_built=&#8221;1&#8243; _builder_version=&#8221;4.27.4&#8243; _module_preset=&#8221;default&#8221; background_color=&#8221;rgba(0,0,0,0.45)&#8221; background_image=&#8221;https:\/\/omdblockchain.com\/wp-content\/uploads\/2025\/04\/trading.jpg&#8221; background_blend=&#8221;overlay&#8221; bottom_divider_style=&#8221;waves2&#8243; bottom_divider_color=&#8221;#000000&#8243; global_colors_info=&#8221;{}&#8221;][et_pb_row _builder_version=&#8221;4.27.4&#8243; _module_preset=&#8221;default&#8221; global_colors_info=&#8221;{}&#8221;][et_pb_column type=&#8221;4_4&#8243; _builder_version=&#8221;4.27.4&#8243; _module_preset=&#8221;default&#8221; global_colors_info=&#8221;{}&#8221;][et_pb_menu menu_id=&#8221;85&#8243; menu_style=&#8221;centered&#8221; _builder_version=&#8221;4.27.4&#8243; _module_preset=&#8221;default&#8221; width=&#8221;20%&#8221; module_alignment=&#8221;right&#8221; global_colors_info=&#8221;{}&#8221;][\/et_pb_menu][et_pb_heading title=&#8221;Un&#8217;opportunit\u00e0 unica e limitata per investitori lungimiranti&#8221; _builder_version=&#8221;4.27.4&#8243; _module_preset=&#8221;default&#8221; title_font=&#8221;|700|||||||&#8221; title_text_align=&#8221;center&#8221; title_text_color=&#8221;#FFFFFF&#8221; title_font_size=&#8221;40px&#8221; title_text_shadow_style=&#8221;preset1&#8243; global_colors_info=&#8221;{}&#8221;][\/et_pb_heading][\/et_pb_column][\/et_pb_row][et_pb_row column_structure=&#8221;1_2,1_2&#8243; _builder_version=&#8221;4.27.4&#8243; _module_preset=&#8221;default&#8221; global_colors_info=&#8221;{}&#8221;][et_pb_column type=&#8221;1_2&#8243; _builder_version=&#8221;4.27.4&#8243; _module_preset=&#8221;default&#8221; global_colors_info=&#8221;{}&#8221;][et_pb_heading title=&#8221;Investire nella vendita privata della criptovaluta OMDB&#8221; _builder_version=&#8221;4.27.4&#8243; _module_preset=&#8221;default&#8221; title_font=&#8221;|700|||||||&#8221; title_text_color=&#8221;#F0B800&#8243; title_text_shadow_style=&#8221;preset1&#8243; global_colors_info=&#8221;{}&#8221;][\/et_pb_heading][et_pb_text _builder_version=&#8221;4.27.4&#8243; _module_preset=&#8221;default&#8221; text_text_color=&#8221;#FFFFFF&#8221; global_colors_info=&#8221;{}&#8221;]<\/p>\n<p><span style=\"color: #ffcc00;\"><strong>onemillionsdollar.com LLC<\/strong> <\/span>apre le porte a un mondo di redditivit\u00e0 e crescita senza precedenti.<\/p>\n<p>Stiamo offrendo a un gruppo selezionato di persone la possibilit\u00e0 di acquistare <span style=\"color: #ffcc00;\"><strong>OMDB<\/strong><\/span>, un criptoasset con un potenziale di espansione senza precedenti, <span style=\"color: #ffcc00;\"><strong>a prezzi esclusivi di prevendita.<\/strong><\/span><\/p>\n<p>[\/et_pb_text][et_pb_heading title=&#8221;Solo 100 milioni di monete disponibili&#8221; _builder_version=&#8221;4.27.4&#8243; _module_preset=&#8221;default&#8221; title_font=&#8221;|700|||||||&#8221; title_text_color=&#8221;#F0B800&#8243; global_colors_info=&#8221;{}&#8221;][\/et_pb_heading][et_pb_text _builder_version=&#8221;4.27.4&#8243; _module_preset=&#8221;default&#8221; text_text_color=&#8221;#FFFFFF&#8221; global_colors_info=&#8221;{}&#8221;]<\/p>\n<p>Questa vendita privata \u00e8 limitata ed esclusiva. Una volta raggiunti i <span style=\"color: #ffcc00;\"><strong>100 milioni di OMDB<\/strong><\/span> stanziati per questa fase saranno esauriti, non ci sar\u00e0 una seconda possibilit\u00e0 a questi prezzi. <\/p>\n<p>[\/et_pb_text][\/et_pb_column][et_pb_column type=&#8221;1_2&#8243; _builder_version=&#8221;4.27.4&#8243; _module_preset=&#8221;default&#8221; global_colors_info=&#8221;{}&#8221;][et_pb_image src=&#8221;https:\/\/omdblockchain.com\/wp-content\/uploads\/2025\/04\/omdbmaleta.png&#8221; title_text=&#8221;omdbmaleta&#8221; _builder_version=&#8221;4.27.4&#8243; _module_preset=&#8221;default&#8221; global_colors_info=&#8221;{}&#8221;][\/et_pb_image][\/et_pb_column][\/et_pb_row][\/et_pb_section][et_pb_section fb_built=&#8221;1&#8243; _builder_version=&#8221;4.27.4&#8243; _module_preset=&#8221;default&#8221; background_image=&#8221;https:\/\/omdblockchain.com\/wp-content\/uploads\/2025\/04\/toro.jpg&#8221; parallax=&#8221;on&#8221; top_divider_style=&#8221;waves2&#8243; top_divider_color=&#8221;#000000&#8243; global_colors_info=&#8221;{}&#8221;][et_pb_row _builder_version=&#8221;4.27.4&#8243; _module_preset=&#8221;default&#8221; global_colors_info=&#8221;{}&#8221;][et_pb_column type=&#8221;4_4&#8243; _builder_version=&#8221;4.27.4&#8243; _module_preset=&#8221;default&#8221; global_colors_info=&#8221;{}&#8221;][et_pb_heading title=&#8221;Un ecosistema senza limiti&#8221; _builder_version=&#8221;4.27.4&#8243; _module_preset=&#8221;default&#8221; title_font=&#8221;|700|||||||&#8221; title_text_align=&#8221;center&#8221; title_text_color=&#8221;#FFFFFF&#8221; title_font_size=&#8221;40px&#8221; title_text_shadow_style=&#8221;preset1&#8243; global_colors_info=&#8221;{}&#8221;][\/et_pb_heading][et_pb_text _builder_version=&#8221;4.27.4&#8243; _module_preset=&#8221;default&#8221; text_text_color=&#8221;#FFFFFF&#8221; text_font_size=&#8221;18px&#8221; global_colors_info=&#8221;{}&#8221;]<\/p>\n<p><span style=\"color: #ffcc00;\"><strong>onemillionsdollar.com LLC<\/strong><\/span> sta costruendo il pi\u00f9 grande ecosistema di usabilit\u00e0 mai visto nel mondo delle criptovalute:<\/p>\n<p>[\/et_pb_text][\/et_pb_column][\/et_pb_row][et_pb_row column_structure=&#8221;1_4,1_4,1_4,1_4&#8243; _builder_version=&#8221;4.27.4&#8243; _module_preset=&#8221;default&#8221; global_colors_info=&#8221;{}&#8221;][et_pb_column type=&#8221;1_4&#8243; _builder_version=&#8221;4.27.4&#8243; _module_preset=&#8221;default&#8221; global_colors_info=&#8221;{}&#8221;][et_pb_text _builder_version=&#8221;4.27.4&#8243; _module_preset=&#8221;default&#8221; text_text_color=&#8221;#FFFFFF&#8221; custom_margin=&#8221;||||false|false&#8221; global_colors_info=&#8221;{}&#8221;]<\/p>\n<ul>\n<li>Piattaforme integrate<\/li>\n<li>Servizi globali<\/li>\n<li>Commercio digitale<\/li>\n<li>Pagamenti istantanei<\/li>\n<li>Gamification e premi<\/li>\n<\/ul>\n<p>[\/et_pb_text][\/et_pb_column][et_pb_column type=&#8221;1_4&#8243; _builder_version=&#8221;4.27.4&#8243; _module_preset=&#8221;default&#8221; global_colors_info=&#8221;{}&#8221;][et_pb_video src=&#8221;https:\/\/youtu.be\/mcI5DySlws0&#8243; _builder_version=&#8221;4.27.4&#8243; _module_preset=&#8221;default&#8221; global_colors_info=&#8221;{}&#8221;][\/et_pb_video][\/et_pb_column][et_pb_column type=&#8221;1_4&#8243; _builder_version=&#8221;4.27.4&#8243; _module_preset=&#8221;default&#8221; global_colors_info=&#8221;{}&#8221;][et_pb_video src=&#8221;https:\/\/youtu.be\/QFZNfXMSPmo&#8221; _builder_version=&#8221;4.27.4&#8243; _module_preset=&#8221;default&#8221; global_colors_info=&#8221;{}&#8221;][\/et_pb_video][\/et_pb_column][et_pb_column type=&#8221;1_4&#8243; _builder_version=&#8221;4.27.4&#8243; _module_preset=&#8221;default&#8221; global_colors_info=&#8221;{}&#8221;][et_pb_video src=&#8221;https:\/\/youtu.be\/WjGVOjZ1xng&#8221; _builder_version=&#8221;4.27.4&#8243; _module_preset=&#8221;default&#8221; module_alignment=&#8221;center&#8221; hover_enabled=&#8221;0&#8243; sticky_enabled=&#8221;0&#8243;][\/et_pb_video][\/et_pb_column][\/et_pb_row][et_pb_row _builder_version=&#8221;4.27.4&#8243; _module_preset=&#8221;default&#8221; global_colors_info=&#8221;{}&#8221;][et_pb_column type=&#8221;4_4&#8243; _builder_version=&#8221;4.27.4&#8243; _module_preset=&#8221;default&#8221; global_colors_info=&#8221;{}&#8221;][et_pb_button button_url=&#8221;https:\/\/omdblockchain.com\/whitepaper\/&#8221; url_new_window=&#8221;on&#8221; button_text=&#8221;Consulta il nostro white paper&#8221; button_alignment=&#8221;center&#8221; _builder_version=&#8221;4.27.4&#8243; _module_preset=&#8221;default&#8221; custom_button=&#8221;on&#8221; button_text_color=&#8221;#000000&#8243; button_bg_color=&#8221;#E09900&#8243; button_border_width=&#8221;0px&#8221; button_border_radius=&#8221;20px&#8221; button_font=&#8221;&#8211;et_global_heading_font|700|||||||&#8221; locked=&#8221;off&#8221; global_colors_info=&#8221;{}&#8221;][\/et_pb_button][et_pb_heading title=&#8221;Vuoi farne parte?&#8221; _builder_version=&#8221;4.27.4&#8243; _module_preset=&#8221;default&#8221; title_font=&#8221;|700|||||||&#8221; title_text_align=&#8221;center&#8221; title_text_color=&#8221;#FFFFFF&#8221; title_font_size=&#8221;40px&#8221; title_text_shadow_style=&#8221;preset1&#8243; global_colors_info=&#8221;{}&#8221;][\/et_pb_heading][et_pb_text _builder_version=&#8221;4.27.4&#8243; _module_preset=&#8221;default&#8221; text_text_color=&#8221;#FFFFFF&#8221; text_font_size=&#8221;18px&#8221; global_colors_info=&#8221;{}&#8221;]<\/p>\n<p><span style=\"color: #ffcc00;\"><strong>OMDB<\/strong><\/span> non \u00e8 solo una moneta, \u00e8 la chiave di una nuova economia d&#8217;impatto decentralizzata, funzionale e reale. Entra a far parte di un movimento che cambier\u00e0 il modo in cui il mondo utilizza e percepisce le criptovalute. <\/p>\n<p><strong>Compila il modulo sottostante e il nostro team ti terr\u00e0 aggiornato sulla tua partecipazione a questo esclusivo round di investimenti:<\/strong><\/p>\n<p>[\/et_pb_text][\/et_pb_column][\/et_pb_row][et_pb_row column_structure=&#8221;1_4,1_2,1_4&#8243; _builder_version=&#8221;4.27.4&#8243; _module_preset=&#8221;default&#8221; global_colors_info=&#8221;{}&#8221;][et_pb_column type=&#8221;1_4&#8243; _builder_version=&#8221;4.27.4&#8243; _module_preset=&#8221;default&#8221; global_colors_info=&#8221;{}&#8221;][\/et_pb_column][et_pb_column type=&#8221;1_2&#8243; _builder_version=&#8221;4.27.4&#8243; _module_preset=&#8221;default&#8221; global_colors_info=&#8221;{}&#8221;][et_pb_contact_form email=&#8221;ceo@onemillionsdollar.com&#8221; title=&#8221;Modulo di partecipazione&#8221; custom_message=&#8221;stiamo cercando di registrare un nuovo utente interessato a diventare Partner OMDB.||et_pb_line_break_holder||nombre: %%name%%||et_pb_line_break_holder||email: %%email%%||et_pb_line_break_holder||Pais: %%country%%||et_pb_line_break_holder||Inversi\u00f3n: %%amount%%||et_pb_line_break_holder||Cont\u00e1cto: %%whatsapp%%&#8221; success_message=&#8221;Il modulo \u00e8 stato inviato con successo&#8221; submit_button_text=&#8221;Invia il modulo&#8221; _builder_version=&#8221;4.27.4&#8243; _module_preset=&#8221;default&#8221; _unique_id=&#8221;1b5cb9a9-4340-433c-9655-2766b00b8cce&#8221; title_font=&#8221;|700|||||||&#8221; title_text_align=&#8221;center&#8221; title_text_color=&#8221;#F0B800&#8243; captcha_text_color=&#8221;#FFFFFF&#8221; custom_button=&#8221;on&#8221; button_text_color=&#8221;#F0B800&#8243; button_bg_color=&#8221;#000000&#8243; button_border_width=&#8221;2px&#8221; button_border_radius=&#8221;16px&#8221; global_colors_info=&#8221;{}&#8221;][et_pb_contact_field field_id=&#8221;name&#8221; field_title=&#8221;Nome e cognome&#8221; fullwidth_field=&#8221;on&#8221; _builder_version=&#8221;4.27.4&#8243; _module_preset=&#8221;default&#8221; global_colors_info=&#8221;{}&#8221;][\/et_pb_contact_field][et_pb_contact_field field_id=&#8221;email&#8221; field_title=&#8221;Indirizzo e-mail&#8221; fullwidth_field=&#8221;on&#8221; _builder_version=&#8221;4.27.4&#8243; _module_preset=&#8221;default&#8221; global_colors_info=&#8221;{}&#8221;][\/et_pb_contact_field][et_pb_contact_field field_id=&#8221;country&#8221; field_title=&#8221;Paese di residenza&#8221; fullwidth_field=&#8221;on&#8221; _builder_version=&#8221;4.27.4&#8243; _module_preset=&#8221;default&#8221; global_colors_info=&#8221;{}&#8221;][\/et_pb_contact_field][et_pb_contact_field field_id=&#8221;amount&#8221; field_title=&#8221;Importo che desideri investire (USD)&#8221; fullwidth_field=&#8221;on&#8221; _builder_version=&#8221;4.27.4&#8243; _module_preset=&#8221;default&#8221; global_colors_info=&#8221;{}&#8221;][\/et_pb_contact_field][et_pb_contact_field field_id=&#8221;whatsapp&#8221; field_title=&#8221;Telefono o mezzo di contatto preferito.&#8221; fullwidth_field=&#8221;on&#8221; _builder_version=&#8221;4.27.4&#8243; _module_preset=&#8221;default&#8221; global_colors_info=&#8221;{}&#8221;][\/et_pb_contact_field][\/et_pb_contact_form][\/et_pb_column][et_pb_column type=&#8221;1_4&#8243; _builder_version=&#8221;4.27.4&#8243; _module_preset=&#8221;default&#8221; global_colors_info=&#8221;{}&#8221;][\/et_pb_column][\/et_pb_row][et_pb_row _builder_version=&#8221;4.27.4&#8243; _module_preset=&#8221;default&#8221; global_colors_info=&#8221;{}&#8221;][et_pb_column type=&#8221;4_4&#8243; _builder_version=&#8221;4.27.4&#8243; _module_preset=&#8221;default&#8221; global_colors_info=&#8221;{}&#8221;][et_pb_heading title=&#8221;  Questa \u00e8 la tua occasione: Non perdere l&#8217;occasione!&#8221; _builder_version=&#8221;4.27.4&#8243; _module_preset=&#8221;default&#8221; title_font=&#8221;|700|||||||&#8221; title_text_align=&#8221;center&#8221; title_text_color=&#8221;#FFFFFF&#8221; title_font_size=&#8221;40px&#8221; title_text_shadow_style=&#8221;preset1&#8243; global_colors_info=&#8221;{}&#8221;][\/et_pb_heading][et_pb_text _builder_version=&#8221;4.27.4&#8243; _module_preset=&#8221;default&#8221; text_text_color=&#8221;#FFFFFF&#8221; text_font_size=&#8221;18px&#8221; global_colors_info=&#8221;{}&#8221;]<\/p>\n<p><span style=\"color: #ffcc00;\"><strong>La vendita privata di OMDB \u00e8 esclusiva<\/strong><\/span>unica e irripetibile. Assicurati il tuo investimento oggi stesso al prezzo pi\u00f9 competitivo del mercato ed entra a far parte di una criptovaluta progettata per generare un valore costante e una crescita solida. <\/p>\n<p><span style=\"color: #ffcc00;\"><strong>Sbrigati!<\/strong><\/span>  L&#8217;offerta \u00e8 limitata nel tempo e occasioni come questa si ripetono raramente.<\/p>\n<p><span style=\"color: #ffcc00;\"><strong>Investi ora e garantisci il tuo futuro finanziario con OMDB.<\/strong><\/span><\/p>\n<p>[\/et_pb_text][\/et_pb_column][\/et_pb_row][\/et_pb_section]<\/p>\n","protected":false},"excerpt":{"rendered":"<p>onemillionsdollar.com LLC apre le porte a un mondo di redditivit\u00e0 e crescita senza precedenti. Stiamo offrendo a un gruppo selezionato di persone la possibilit\u00e0 di acquistare OMDB, un criptoasset con un potenziale di espansione senza precedenti, a prezzi esclusivi di prevendita.Questa vendita privata \u00e8 limitata ed esclusiva. Una volta raggiunti i 100 milioni di OMDB [&hellip;]<\/p>\n","protected":false},"author":1,"featured_media":0,"parent":0,"menu_order":0,"comment_status":"closed","ping_status":"closed","template":"page-template-blank.php","meta":{"_et_pb_use_builder":"on","_et_pb_old_content":"","_et_gb_content_width":"","footnotes":""},"class_list":["post-1716","page","type-page","status-publish","hentry"],"_links":{"self":[{"href":"https:\/\/omdblockchain.com\/it\/wp-json\/wp\/v2\/pages\/1716","targetHints":{"allow":["GET"]}}],"collection":[{"href":"https:\/\/omdblockchain.com\/it\/wp-json\/wp\/v2\/pages"}],"about":[{"href":"https:\/\/omdblockchain.com\/it\/wp-json\/wp\/v2\/types\/page"}],"author":[{"embeddable":true,"href":"https:\/\/omdblockchain.com\/it\/wp-json\/wp\/v2\/users\/1"}],"replies":[{"embeddable":true,"href":"https:\/\/omdblockchain.com\/it\/wp-json\/wp\/v2\/comments?post=1716"}],"version-history":[{"count":14,"href":"https:\/\/omdblockchain.com\/it\/wp-json\/wp\/v2\/pages\/1716\/revisions"}],"predecessor-version":[{"id":4079,"href":"https:\/\/omdblockchain.com\/it\/wp-json\/wp\/v2\/pages\/1716\/revisions\/4079"}],"wp:attachment":[{"href":"https:\/\/omdblockchain.com\/it\/wp-json\/wp\/v2\/media?parent=1716"}],"curies":[{"name":"wp","href":"https:\/\/api.w.org\/{rel}","templated":true}]}}