{"id":1775,"date":"2025-05-25T14:21:29","date_gmt":"2025-05-25T14:21:29","guid":{"rendered":"https:\/\/omdblockchain.com\/partner-2\/"},"modified":"2025-09-24T21:49:41","modified_gmt":"2025-09-24T21:49:41","slug":"partner-2","status":"publish","type":"page","link":"https:\/\/omdblockchain.com\/de\/partner-2\/","title":{"rendered":"Partner"},"content":{"rendered":"<p>[et_pb_section fb_built=&#8220;1&#8243; _builder_version=&#8220;4.27.4&#8243; _module_preset=&#8220;default&#8220; background_color=&#8220;rgba(0,0,0,0.45)&#8220; background_image=&#8220;https:\/\/omdblockchain.com\/wp-content\/uploads\/2025\/04\/trading.jpg&#8220; background_blend=&#8220;overlay&#8220; bottom_divider_style=&#8220;waves2&#8243; bottom_divider_color=&#8220;#000000&#8243; global_colors_info=&#8220;{}&#8220;][et_pb_row _builder_version=&#8220;4.27.4&#8243; _module_preset=&#8220;default&#8220; global_colors_info=&#8220;{}&#8220;][et_pb_column type=&#8220;4_4&#8243; _builder_version=&#8220;4.27.4&#8243; _module_preset=&#8220;default&#8220; global_colors_info=&#8220;{}&#8220;][et_pb_menu menu_id=&#8220;85&#8243; menu_style=&#8220;centered&#8220; _builder_version=&#8220;4.27.4&#8243; _module_preset=&#8220;default&#8220; width=&#8220;20%&#8220; module_alignment=&#8220;right&#8220; global_colors_info=&#8220;{}&#8220;][\/et_pb_menu][et_pb_heading title=&#8220;Eine einmalige und begrenzte Chance f\u00fcr vision\u00e4re Investoren&#8220; _builder_version=&#8220;4.27.4&#8243; _module_preset=&#8220;default&#8220; title_font=&#8220;|700|||||||&#8220; title_text_align=&#8220;center&#8220; title_text_color=&#8220;#FFFFFF&#8220; title_font_size=&#8220;40px&#8220; title_text_shadow_style=&#8220;preset1&#8243; global_colors_info=&#8220;{}&#8220;][\/et_pb_heading][\/et_pb_column][\/et_pb_row][et_pb_row column_structure=&#8220;1_2,1_2&#8243; _builder_version=&#8220;4.27.4&#8243; _module_preset=&#8220;default&#8220; global_colors_info=&#8220;{}&#8220;][et_pb_column type=&#8220;1_2&#8243; _builder_version=&#8220;4.27.4&#8243; _module_preset=&#8220;default&#8220; global_colors_info=&#8220;{}&#8220;][et_pb_heading title=&#8220;Investieren Sie in den privaten Verkauf von OMDB Cryptocurrency&#8220; _builder_version=&#8220;4.27.4&#8243; _module_preset=&#8220;default&#8220; title_font=&#8220;|700|||||||&#8220; title_text_color=&#8220;#F0B800&#8243; title_text_shadow_style=&#8220;preset1&#8243; global_colors_info=&#8220;{}&#8220;][\/et_pb_heading][et_pb_text _builder_version=&#8220;4.27.4&#8243; _module_preset=&#8220;default&#8220; text_text_color=&#8220;#FFFFFF&#8220; global_colors_info=&#8220;{}&#8220;]<\/p>\n<p><span style=\"color: #ffcc00;\"><strong>onemillionsdollar.com LLC<\/strong> <\/span>\u00f6ffnet Ihnen die T\u00fcren zu einer Welt nie dagewesener Rentabilit\u00e4t und beispiellosen Wachstums.<\/p>\n<p>Wir bieten einer ausgew\u00e4hlten Gruppe von Personen die M\u00f6glichkeit zum Erwerb von <span style=\"color: #ffcc00;\"><strong>OMDB<\/strong><\/span>zu erwerben, ein Kryptoasset mit unvergleichlichem Expansionspotenzial, <span style=\"color: #ffcc00;\"><strong>zu exklusiven Vorverkaufspreisen zu erwerben.<\/strong><\/span><\/p>\n<p>[\/et_pb_text][et_pb_heading title=&#8220;Nur 100 Millionen M\u00fcnzen verf\u00fcgbar&#8220; _builder_version=&#8220;4.27.4&#8243; _module_preset=&#8220;default&#8220; title_font=&#8220;|700|||||||&#8220; title_text_color=&#8220;#F0B800&#8243; global_colors_info=&#8220;{}&#8220;][\/et_pb_heading][et_pb_text _builder_version=&#8220;4.27.4&#8243; _module_preset=&#8220;default&#8220; text_text_color=&#8220;#FFFFFF&#8220; global_colors_info=&#8220;{}&#8220;]<\/p>\n<p>Dieser Privatverkauf ist begrenzt und exklusiv. Sobald die <span style=\"color: #ffcc00;\"><strong>100 Millionen OMDB<\/strong><\/span> f\u00fcr diese Phase aufgebraucht sind, wird es keine zweite Chance zu diesen Preisen geben. <\/p>\n<p>[\/et_pb_text][\/et_pb_column][et_pb_column type=&#8220;1_2&#8243; _builder_version=&#8220;4.27.4&#8243; _module_preset=&#8220;default&#8220; global_colors_info=&#8220;{}&#8220;][et_pb_image src=&#8220;https:\/\/omdblockchain.com\/wp-content\/uploads\/2025\/04\/omdbmaleta.png&#8220; title_text=&#8220;omdbmaleta&#8220; _builder_version=&#8220;4.27.4&#8243; _module_preset=&#8220;default&#8220; global_colors_info=&#8220;{}&#8220;][\/et_pb_image][\/et_pb_column][\/et_pb_row][\/et_pb_section][et_pb_section fb_built=&#8220;1&#8243; _builder_version=&#8220;4.27.4&#8243; _module_preset=&#8220;default&#8220; background_image=&#8220;https:\/\/omdblockchain.com\/wp-content\/uploads\/2025\/04\/toro.jpg&#8220; parallax=&#8220;on&#8220; top_divider_style=&#8220;waves2&#8243; top_divider_color=&#8220;#000000&#8243; global_colors_info=&#8220;{}&#8220;][et_pb_row _builder_version=&#8220;4.27.4&#8243; _module_preset=&#8220;default&#8220; global_colors_info=&#8220;{}&#8220;][et_pb_column type=&#8220;4_4&#8243; _builder_version=&#8220;4.27.4&#8243; _module_preset=&#8220;default&#8220; global_colors_info=&#8220;{}&#8220;][et_pb_heading title=&#8220;Ein \u00d6kosystem ohne Grenzen&#8220; _builder_version=&#8220;4.27.4&#8243; _module_preset=&#8220;default&#8220; title_font=&#8220;|700|||||||&#8220; title_text_align=&#8220;center&#8220; title_text_color=&#8220;#FFFFFF&#8220; title_font_size=&#8220;40px&#8220; title_text_shadow_style=&#8220;preset1&#8243; global_colors_info=&#8220;{}&#8220;][\/et_pb_heading][et_pb_text _builder_version=&#8220;4.27.4&#8243; _module_preset=&#8220;default&#8220; text_text_color=&#8220;#FFFFFF&#8220; text_font_size=&#8220;18px&#8220; global_colors_info=&#8220;{}&#8220;]<\/p>\n<p><span style=\"color: #ffcc00;\"><strong>onemillionsdollar.com LLC<\/strong><\/span> baut das gr\u00f6\u00dfte \u00d6kosystem f\u00fcr Benutzerfreundlichkeit auf, das es je in der Kryptowelt gab:<\/p>\n<p>[\/et_pb_text][\/et_pb_column][\/et_pb_row][et_pb_row column_structure=&#8220;1_3,1_3,1_3&#8243; _builder_version=&#8220;4.27.4&#8243; _module_preset=&#8220;default&#8220; global_colors_info=&#8220;{}&#8220;][et_pb_column type=&#8220;1_3&#8243; _builder_version=&#8220;4.27.4&#8243; _module_preset=&#8220;default&#8220; global_colors_info=&#8220;{}&#8220;][et_pb_text _builder_version=&#8220;4.27.4&#8243; _module_preset=&#8220;default&#8220; text_text_color=&#8220;#FFFFFF&#8220; custom_margin=&#8220;|||80px||&#8220; global_colors_info=&#8220;{}&#8220;]<\/p>\n<ul>\n<li>Integrierte Plattformen<\/li>\n<li>Globale Dienstleistungen<\/li>\n<li>Digitaler Handel<\/li>\n<li>Sofortige Zahlungen<\/li>\n<li>Gamification und Belohnungen<\/li>\n<\/ul>\n<p>[\/et_pb_text][\/et_pb_column][et_pb_column type=&#8220;1_3&#8243; _builder_version=&#8220;4.27.4&#8243; _module_preset=&#8220;default&#8220; global_colors_info=&#8220;{}&#8220;][et_pb_video src=&#8220;https:\/\/youtu.be\/SW4kdv8Qhnk&#8220; _builder_version=&#8220;4.27.4&#8243; _module_preset=&#8220;default&#8220; hover_enabled=&#8220;0&#8243; sticky_enabled=&#8220;0&#8243;][\/et_pb_video][\/et_pb_column][et_pb_column type=&#8220;1_3&#8243; _builder_version=&#8220;4.27.4&#8243; _module_preset=&#8220;default&#8220; global_colors_info=&#8220;{}&#8220;][et_pb_video src=&#8220;https:\/\/youtu.be\/wzBS3RzE-nE&#8220; _builder_version=&#8220;4.27.4&#8243; _module_preset=&#8220;default&#8220; module_alignment=&#8220;center&#8220; global_colors_info=&#8220;{}&#8220;][\/et_pb_video][\/et_pb_column][\/et_pb_row][et_pb_row _builder_version=&#8220;4.27.4&#8243; _module_preset=&#8220;default&#8220; global_colors_info=&#8220;{}&#8220;][et_pb_column type=&#8220;4_4&#8243; _builder_version=&#8220;4.27.4&#8243; _module_preset=&#8220;default&#8220; global_colors_info=&#8220;{}&#8220;][et_pb_button button_url=&#8220;https:\/\/omdblockchain.com\/whitepaper\/&#8220; url_new_window=&#8220;on&#8220; button_text=&#8220;Lesen Sie unser Whitepaper&#8220; button_alignment=&#8220;center&#8220; _builder_version=&#8220;4.27.4&#8243; _module_preset=&#8220;default&#8220; custom_button=&#8220;on&#8220; button_text_color=&#8220;#000000&#8243; button_bg_color=&#8220;#E09900&#8243; button_border_width=&#8220;0px&#8220; button_border_radius=&#8220;20px&#8220; button_font=&#8220;&#8211;et_global_heading_font|700|||||||&#8220; locked=&#8220;off&#8220; global_colors_info=&#8220;{}&#8220;][\/et_pb_button][et_pb_heading title=&#8220;M\u00f6chten Sie daran teilhaben?&#8220; _builder_version=&#8220;4.27.4&#8243; _module_preset=&#8220;default&#8220; title_font=&#8220;|700|||||||&#8220; title_text_align=&#8220;center&#8220; title_text_color=&#8220;#FFFFFF&#8220; title_font_size=&#8220;40px&#8220; title_text_shadow_style=&#8220;preset1&#8243; global_colors_info=&#8220;{}&#8220;][\/et_pb_heading][et_pb_text _builder_version=&#8220;4.27.4&#8243; _module_preset=&#8220;default&#8220; text_text_color=&#8220;#FFFFFF&#8220; text_font_size=&#8220;18px&#8220; global_colors_info=&#8220;{}&#8220;]<\/p>\n<p><span style=\"color: #ffcc00;\"><strong>OMDB<\/strong><\/span> ist nicht nur ein Coin, sondern der Schl\u00fcssel zu einer neuen dezentralisierten, funktionalen und echten Impact Economy. Werden Sie Teil einer Bewegung, die die Art und Weise, wie die Welt Kryptow\u00e4hrungen nutzt und wahrnimmt, ver\u00e4ndern wird. <\/p>\n<p><strong>F\u00fcllen Sie das untenstehende Formular aus und unser Team wird Sie \u00fcber Ihre Teilnahme an dieser exklusiven Investitionsrunde auf dem Laufenden halten:<\/strong><\/p>\n<p>[\/et_pb_text][\/et_pb_column][\/et_pb_row][et_pb_row column_structure=&#8220;1_4,1_2,1_4&#8243; _builder_version=&#8220;4.27.4&#8243; _module_preset=&#8220;default&#8220; global_colors_info=&#8220;{}&#8220;][et_pb_column type=&#8220;1_4&#8243; _builder_version=&#8220;4.27.4&#8243; _module_preset=&#8220;default&#8220; global_colors_info=&#8220;{}&#8220;][\/et_pb_column][et_pb_column type=&#8220;1_2&#8243; _builder_version=&#8220;4.27.4&#8243; _module_preset=&#8220;default&#8220; global_colors_info=&#8220;{}&#8220;][et_pb_contact_form email=&#8220;ceo@onemillionsdollar.com&#8220; title=&#8220;Teilnahmeformular&#8220; custom_message=&#8220;se acaba de registrar un nuevo usuario interesado en ser Partner OMDB.||et_pb_line_break_holder|||nombre: %%name%%||et_pb_line_break_holder||email: %%email%%||et_pb_line_break_holder||Pais: %%country%%||et_pb_line_break_holder||Inversi\u00f3n: %%amount%%||et_pb_line_break_holder||Cont\u00e1cto: %%whatsapp%%&#8220; success_message=&#8220;Das Formular wurde erfolgreich gesendet&#8220; submit_button_text=&#8220;Formular abschicken&#8220; _builder_version=&#8220;4.27.4&#8243; _module_preset=&#8220;default&#8220; _unique_id=&#8220;1b5cb9a9-4340-433c-9655-2766b00b8cce&#8220; title_font=&#8220;|700|||||||&#8220; title_text_align=&#8220;center&#8220; title_text_color=&#8220;#F0B800&#8243; captcha_text_color=&#8220;#FFFFFF&#8220; custom_button=&#8220;on&#8220; button_text_color=&#8220;#F0B800&#8243; button_bg_color=&#8220;#000000&#8243; button_border_width=&#8220;2px&#8220; button_border_radius=&#8220;16px&#8220; global_colors_info=&#8220;{}&#8220;][et_pb_contact_field field_id=&#8220;name&#8220; field_title=&#8220;Vollst\u00e4ndiger Name&#8220; fullwidth_field=&#8220;on&#8220; _builder_version=&#8220;4.27.4&#8243; _module_preset=&#8220;default&#8220; global_colors_info=&#8220;{}&#8220;][\/et_pb_contact_field][et_pb_contact_field field_id=&#8220;email&#8220; field_title=&#8220;E-Mail Adresse&#8220; fullwidth_field=&#8220;on&#8220; _builder_version=&#8220;4.27.4&#8243; _module_preset=&#8220;default&#8220; global_colors_info=&#8220;{}&#8220;][\/et_pb_contact_field][et_pb_contact_field field_id=&#8220;country&#8220; field_title=&#8220;Land des Wohnsitzes&#8220; fullwidth_field=&#8220;on&#8220; _builder_version=&#8220;4.27.4&#8243; _module_preset=&#8220;default&#8220; global_colors_info=&#8220;{}&#8220;][\/et_pb_contact_field][et_pb_contact_field field_id=&#8220;amount&#8220; field_title=&#8220;Betrag, den Sie investieren m\u00f6chten (USD)&#8220; fullwidth_field=&#8220;on&#8220; _builder_version=&#8220;4.27.4&#8243; _module_preset=&#8220;default&#8220; global_colors_info=&#8220;{}&#8220;][\/et_pb_contact_field][et_pb_contact_field field_id=&#8220;whatsapp&#8220; field_title=&#8220;Telefon oder bevorzugte Kontaktm\u00f6glichkeit.&#8220; fullwidth_field=&#8220;on&#8220; _builder_version=&#8220;4.27.4&#8243; _module_preset=&#8220;default&#8220; global_colors_info=&#8220;{}&#8220;][\/et_pb_contact_field][\/et_pb_contact_form][\/et_pb_column][et_pb_column type=&#8220;1_4&#8243; _builder_version=&#8220;4.27.4&#8243; _module_preset=&#8220;default&#8220; global_colors_info=&#8220;{}&#8220;][\/et_pb_column][\/et_pb_row][et_pb_row _builder_version=&#8220;4.27.4&#8243; _module_preset=&#8220;default&#8220; global_colors_info=&#8220;{}&#8220;][et_pb_column type=&#8220;4_4&#8243; _builder_version=&#8220;4.27.4&#8243; _module_preset=&#8220;default&#8220; global_colors_info=&#8220;{}&#8220;][et_pb_heading title=&#8220;  Das ist Ihre Chance: Verpassen Sie sie nicht!&#8220; _builder_version=&#8220;4.27.4&#8243; _module_preset=&#8220;default&#8220; title_font=&#8220;|700|||||||&#8220; title_text_align=&#8220;center&#8220; title_text_color=&#8220;#FFFFFF&#8220; title_font_size=&#8220;40px&#8220; title_text_shadow_style=&#8220;preset1&#8243; global_colors_info=&#8220;{}&#8220;][\/et_pb_heading][et_pb_text _builder_version=&#8220;4.27.4&#8243; _module_preset=&#8220;default&#8220; text_text_color=&#8220;#FFFFFF&#8220; text_font_size=&#8220;18px&#8220; global_colors_info=&#8220;{}&#8220;]<\/p>\n<p><span style=\"color: #ffcc00;\"><strong>Der Privatverkauf von OMDB ist exklusiv<\/strong><\/span>, einzigartig und unwiederholbar. Sichern Sie sich noch heute Ihre Investition zum g\u00fcnstigsten Preis auf dem Markt und werden Sie Teil einer Kryptow\u00e4hrung, die f\u00fcr einen konstanten Wert und ein solides Wachstum sorgt. <\/p>\n<p><span style=\"color: #ffcc00;\"><strong>Beeilen Sie sich!<\/strong><\/span>  Dieses Angebot ist zeitlich begrenzt und Gelegenheiten wie diese werden selten wiederholt.<\/p>\n<p><span style=\"color: #ffcc00;\"><strong>Investieren Sie jetzt und sichern Sie Ihre finanzielle Zukunft mit OMDB.<\/strong><\/span><\/p>\n<p>[\/et_pb_text][\/et_pb_column][\/et_pb_row][\/et_pb_section]<\/p>\n","protected":false},"excerpt":{"rendered":"<p>onemillionsdollar.com LLC \u00f6ffnet Ihnen die T\u00fcren zu einer Welt nie dagewesener Rentabilit\u00e4t und beispiellosen Wachstums. Wir bieten einer ausgew\u00e4hlten Gruppe von Personen die M\u00f6glichkeit zum Erwerb von OMDBzu erwerben, ein Kryptoasset mit unvergleichlichem Expansionspotenzial, zu exklusiven Vorverkaufspreisen zu erwerben.Dieser Privatverkauf ist begrenzt und exklusiv. Sobald die 100 Millionen OMDB f\u00fcr diese Phase aufgebraucht sind, wird [&hellip;]<\/p>\n","protected":false},"author":1,"featured_media":0,"parent":0,"menu_order":0,"comment_status":"closed","ping_status":"closed","template":"page-template-blank.php","meta":{"_et_pb_use_builder":"on","_et_pb_old_content":"","_et_gb_content_width":"","footnotes":""},"class_list":["post-1775","page","type-page","status-publish","hentry"],"_links":{"self":[{"href":"https:\/\/omdblockchain.com\/de\/wp-json\/wp\/v2\/pages\/1775","targetHints":{"allow":["GET"]}}],"collection":[{"href":"https:\/\/omdblockchain.com\/de\/wp-json\/wp\/v2\/pages"}],"about":[{"href":"https:\/\/omdblockchain.com\/de\/wp-json\/wp\/v2\/types\/page"}],"author":[{"embeddable":true,"href":"https:\/\/omdblockchain.com\/de\/wp-json\/wp\/v2\/users\/1"}],"replies":[{"embeddable":true,"href":"https:\/\/omdblockchain.com\/de\/wp-json\/wp\/v2\/comments?post=1775"}],"version-history":[{"count":16,"href":"https:\/\/omdblockchain.com\/de\/wp-json\/wp\/v2\/pages\/1775\/revisions"}],"predecessor-version":[{"id":4091,"href":"https:\/\/omdblockchain.com\/de\/wp-json\/wp\/v2\/pages\/1775\/revisions\/4091"}],"wp:attachment":[{"href":"https:\/\/omdblockchain.com\/de\/wp-json\/wp\/v2\/media?parent=1775"}],"curies":[{"name":"wp","href":"https:\/\/api.w.org\/{rel}","templated":true}]}}