{"id":1787,"date":"2025-05-25T14:21:29","date_gmt":"2025-05-25T14:21:29","guid":{"rendered":"https:\/\/omdblockchain.com\/partner\/"},"modified":"2025-09-24T21:51:37","modified_gmt":"2025-09-24T21:51:37","slug":"partner","status":"publish","type":"page","link":"https:\/\/omdblockchain.com\/cs\/partner\/","title":{"rendered":"Partner"},"content":{"rendered":"<p>[et_pb_section fb_built=&#8220;1&#8243; _builder_version=&#8220;4.27.4&#8243; _module_preset=&#8220;default&#8220; background_color=&#8220;rgba(0,0,0,0.45)&#8220; background_image=&#8220;https:\/\/omdblockchain.com\/wp-content\/uploads\/2025\/04\/trading.jpg&#8220; background_blend=&#8220;overlay&#8220; bottom_divider_style=&#8220;waves2&#8243; bottom_divider_color=&#8220;#000000&#8243; global_colors_info=&#8220;{}&#8220;][et_pb_row _builder_version=&#8220;4.27.4&#8243; _module_preset=&#8220;default&#8220; global_colors_info=&#8220;{}&#8220;][et_pb_column type=&#8220;4_4&#8243; _builder_version=&#8220;4.27.4&#8243; _module_preset=&#8220;default&#8220; global_colors_info=&#8220;{}&#8220;][et_pb_menu menu_id=&#8220;85&#8243; menu_style=&#8220;centered&#8220; _builder_version=&#8220;4.27.4&#8243; _module_preset=&#8220;default&#8220; width=&#8220;20%&#8220; module_alignment=&#8220;right&#8220; global_colors_info=&#8220;{}&#8220;][\/et_pb_menu][et_pb_heading title=&#8220;Jedine\u010dn\u00e1 a omezen\u00e1 p\u0159\u00edle\u017eitost pro vizion\u00e1\u0159sk\u00e9 investory&#8220; _builder_version=&#8220;4.27.4&#8243; _module_preset=&#8220;default&#8220; title_font=&#8220;|700|||||||&#8220; title_text_align=&#8220;center&#8220; title_text_color=&#8220;#FFFFFF&#8220; title_font_size=&#8220;40px&#8220; title_text_shadow_style=&#8220;preset1&#8243; global_colors_info=&#8220;{}&#8220;][\/et_pb_heading][\/et_pb_column][\/et_pb_row][et_pb_row column_structure=&#8220;1_2,1_2&#8243; _builder_version=&#8220;4.27.4&#8243; _module_preset=&#8220;default&#8220; global_colors_info=&#8220;{}&#8220;][et_pb_column type=&#8220;1_2&#8243; _builder_version=&#8220;4.27.4&#8243; _module_preset=&#8220;default&#8220; global_colors_info=&#8220;{}&#8220;][et_pb_heading title=&#8220;Investujte do soukrom\u00e9ho prodeje kryptom\u011bny OMDB&#8220; _builder_version=&#8220;4.27.4&#8243; _module_preset=&#8220;default&#8220; title_font=&#8220;|700|||||||&#8220; title_text_color=&#8220;#F0B800&#8243; title_text_shadow_style=&#8220;preset1&#8243; global_colors_info=&#8220;{}&#8220;][\/et_pb_heading][et_pb_text _builder_version=&#8220;4.27.4&#8243; _module_preset=&#8220;default&#8220; text_text_color=&#8220;#FFFFFF&#8220; global_colors_info=&#8220;{}&#8220;]<\/p>\n<p><span style=\"color: #ffcc00;\"><strong>onemillionsdollar.com LLC<\/strong> <\/span>otev\u00edr\u00e1 dve\u0159e do sv\u011bta neb\u00fdval\u00e9 ziskovosti a r\u016fstu.<\/p>\n<p>Vybran\u00e9 skupin\u011b lid\u00ed nab\u00edz\u00edme mo\u017enost z\u00edskat <span style=\"color: #ffcc00;\"><strong>OMDB<\/strong><\/span>, kryptoaktivum s bezkonkuren\u010dn\u00edm potenci\u00e1lem expanze, <span style=\"color: #ffcc00;\"><strong>za exkluzivn\u00ed p\u0159edprodejn\u00ed ceny.<\/strong><\/span><\/p>\n<p>[\/et_pb_text][et_pb_heading title=&#8220;K dispozici je pouze 100 milion\u016f minc\u00ed&#8220; _builder_version=&#8220;4.27.4&#8243; _module_preset=&#8220;default&#8220; title_font=&#8220;|700|||||||&#8220; title_text_color=&#8220;#F0B800&#8243; global_colors_info=&#8220;{}&#8220;][\/et_pb_heading][et_pb_text _builder_version=&#8220;4.27.4&#8243; _module_preset=&#8220;default&#8220; text_text_color=&#8220;#FFFFFF&#8220; global_colors_info=&#8220;{}&#8220;]<\/p>\n<p>Tento soukrom\u00fd prodej je omezen\u00fd a exkluzivn\u00ed. Jakmile se <span style=\"color: #ffcc00;\"><strong>100 milion\u016f OMDB<\/strong><\/span> vy\u010dlen\u011bn\u00fdch pro tuto f\u00e1zi, nebude za tyto ceny \u017e\u00e1dn\u00e1 druh\u00e1 \u0161ance. <\/p>\n<p>[\/et_pb_text][\/et_pb_column][et_pb_column type=&#8220;1_2&#8243; _builder_version=&#8220;4.27.4&#8243; _module_preset=&#8220;default&#8220; global_colors_info=&#8220;{}&#8220;][et_pb_image src=&#8220;https:\/\/omdblockchain.com\/wp-content\/uploads\/2025\/04\/omdbmaleta.png&#8220; title_text=&#8220;omdbmaleta&#8220; _builder_version=&#8220;4.27.4&#8243; _module_preset=&#8220;default&#8220; global_colors_info=&#8220;{}&#8220;][\/et_pb_image][\/et_pb_column][\/et_pb_row][\/et_pb_section][et_pb_section fb_built=&#8220;1&#8243; _builder_version=&#8220;4.27.4&#8243; _module_preset=&#8220;default&#8220; background_image=&#8220;https:\/\/omdblockchain.com\/wp-content\/uploads\/2025\/04\/toro.jpg&#8220; parallax=&#8220;on&#8220; top_divider_style=&#8220;waves2&#8243; top_divider_color=&#8220;#000000&#8243; global_colors_info=&#8220;{}&#8220;][et_pb_row _builder_version=&#8220;4.27.4&#8243; _module_preset=&#8220;default&#8220; global_colors_info=&#8220;{}&#8220;][et_pb_column type=&#8220;4_4&#8243; _builder_version=&#8220;4.27.4&#8243; _module_preset=&#8220;default&#8220; global_colors_info=&#8220;{}&#8220;][et_pb_heading title=&#8220;Speci\u00e1ln\u00ed ceny pouze b\u011bhem soukrom\u00e9ho prodeje&#8220; _builder_version=&#8220;4.27.4&#8243; _module_preset=&#8220;default&#8220; title_font=&#8220;|700|||||||&#8220; title_text_align=&#8220;center&#8220; title_text_color=&#8220;#FFFFFF&#8220; title_font_size=&#8220;40px&#8220; title_text_shadow_style=&#8220;preset1&#8243; global_colors_info=&#8220;{}&#8220;][\/et_pb_heading][et_pb_cta title=&#8220;Vyu\u017eijte jedine\u010dn\u00e9 ceny!&#8220; button_url=&#8220;https:\/\/app.onemillionsdollar.com\/register&#8220; url_new_window=&#8220;on&#8220; button_text=&#8220;Z\u00edsk\u00e1n\u00ed OMDB&#8220; _builder_version=&#8220;4.27.4&#8243; _module_preset=&#8220;default&#8220; header_font=&#8220;|700|||||||&#8220; header_text_color=&#8220;#000000&#8243; header_font_size=&#8220;35px&#8220; body_text_color=&#8220;#000000&#8243; body_font_size=&#8220;20px&#8220; background_color=&#8220;#E09900&#8243; custom_button=&#8220;on&#8220; button_text_color=&#8220;#000000&#8243; button_font=&#8220;|700|||||||&#8220; border_radii=&#8220;on|20px|20px|20px|20px&#8220; box_shadow_style=&#8220;preset2&#8243; global_colors_info=&#8220;{}&#8220;]<\/p>\n<p>Nakupte si mince <strong>OMDB<\/strong> za neuv\u011b\u0159itelnou cenu pouh\u00fdch <strong> 0,4 USD<\/strong>, kter\u00e1 je k dispozici od <strong> 100 000 USD<\/strong> a\u017e do maxim\u00e1ln\u00ed v\u00fd\u0161e <strong> 1 000 000 USD<\/strong>. Tato omezen\u00e1 p\u0159\u00edle\u017eitost se ji\u017e nebude opakovat! <\/p>\n<p>[\/et_pb_cta][et_pb_heading title=&#8220;Ekosyst\u00e9m bez hranic&#8220; _builder_version=&#8220;4.27.4&#8243; _module_preset=&#8220;default&#8220; title_font=&#8220;|700|||||||&#8220; title_text_align=&#8220;center&#8220; title_text_color=&#8220;#FFFFFF&#8220; title_font_size=&#8220;40px&#8220; title_text_shadow_style=&#8220;preset1&#8243; global_colors_info=&#8220;{}&#8220;][\/et_pb_heading][et_pb_text _builder_version=&#8220;4.27.4&#8243; _module_preset=&#8220;default&#8220; text_text_color=&#8220;#FFFFFF&#8220; text_font_size=&#8220;18px&#8220; global_colors_info=&#8220;{}&#8220;]<\/p>\n<p><span style=\"color: #ffcc00;\"><strong>onemillionsdollar.com LLC<\/strong><\/span> buduje nejv\u011bt\u0161\u00ed ekosyst\u00e9m pou\u017eitelnosti, jak\u00fd byl kdy v kryptosv\u011bt\u011b k vid\u011bn\u00ed:<\/p>\n<p>[\/et_pb_text][\/et_pb_column][\/et_pb_row][et_pb_row column_structure=&#8220;1_3,1_3,1_3&#8243; _builder_version=&#8220;4.27.4&#8243; _module_preset=&#8220;default&#8220; global_colors_info=&#8220;{}&#8220;][et_pb_column type=&#8220;1_3&#8243; _builder_version=&#8220;4.27.4&#8243; _module_preset=&#8220;default&#8220; global_colors_info=&#8220;{}&#8220;][et_pb_text _builder_version=&#8220;4.27.4&#8243; _module_preset=&#8220;default&#8220; text_text_color=&#8220;#FFFFFF&#8220; custom_margin=&#8220;|||80px||&#8220; global_colors_info=&#8220;{}&#8220;]<\/p>\n<ul>\n<li>Integrovan\u00e9 platformy<\/li>\n<li>Glob\u00e1ln\u00ed slu\u017eby<\/li>\n<li>Digit\u00e1ln\u00ed obchod<\/li>\n<li>Okam\u017eit\u00e9 platby<\/li>\n<li>Gamifikace a odm\u011bny<\/li>\n<\/ul>\n<p>[\/et_pb_text][\/et_pb_column][et_pb_column type=&#8220;1_3&#8243; _builder_version=&#8220;4.27.4&#8243; _module_preset=&#8220;default&#8220; global_colors_info=&#8220;{}&#8220;][et_pb_video src=&#8220;https:\/\/youtu.be\/20uFvLRlJU8&#8243; _builder_version=&#8220;4.27.4&#8243; _module_preset=&#8220;default&#8220; module_alignment=&#8220;center&#8220; hover_enabled=&#8220;0&#8243; sticky_enabled=&#8220;0&#8243;][\/et_pb_video][\/et_pb_column][et_pb_column type=&#8220;1_3&#8243; _builder_version=&#8220;4.27.4&#8243; _module_preset=&#8220;default&#8220; global_colors_info=&#8220;{}&#8220;][et_pb_video src=&#8220;https:\/\/youtu.be\/9pGhbaqJfj8&#8243; _builder_version=&#8220;4.27.4&#8243; _module_preset=&#8220;default&#8220; module_alignment=&#8220;center&#8220; global_colors_info=&#8220;{}&#8220;][\/et_pb_video][\/et_pb_column][\/et_pb_row][et_pb_row _builder_version=&#8220;4.27.4&#8243; _module_preset=&#8220;default&#8220; global_colors_info=&#8220;{}&#8220;][et_pb_column type=&#8220;4_4&#8243; _builder_version=&#8220;4.27.4&#8243; _module_preset=&#8220;default&#8220; global_colors_info=&#8220;{}&#8220;][et_pb_heading title=&#8220;Chcete se na tom pod\u00edlet?&#8220; _builder_version=&#8220;4.27.4&#8243; _module_preset=&#8220;default&#8220; title_font=&#8220;|700|||||||&#8220; title_text_align=&#8220;center&#8220; title_text_color=&#8220;#FFFFFF&#8220; title_font_size=&#8220;40px&#8220; title_text_shadow_style=&#8220;preset1&#8243; global_colors_info=&#8220;{}&#8220;][\/et_pb_heading][et_pb_text _builder_version=&#8220;4.27.4&#8243; _module_preset=&#8220;default&#8220; text_text_color=&#8220;#FFFFFF&#8220; text_font_size=&#8220;18px&#8220; global_colors_info=&#8220;{}&#8220;]<\/p>\n<p><span style=\"color: #ffcc00;\"><strong>OMDB<\/strong><\/span> nen\u00ed jen minc\u00ed, ale kl\u00ed\u010dem k nov\u00e9 decentralizovan\u00e9, funk\u010dn\u00ed a skute\u010dn\u00e9 ekonomice s dopadem. Sta\u0148te se sou\u010d\u00e1st\u00ed hnut\u00ed, kter\u00e9 zm\u011bn\u00ed zp\u016fsob, jak\u00fdm sv\u011bt pou\u017e\u00edv\u00e1 a vn\u00edm\u00e1 kryptom\u011bny. <\/p>\n<p><strong>Vypl\u0148te n\u00ed\u017ee uveden\u00fd formul\u00e1\u0159 a n\u00e1\u0161 t\u00fdm v\u00e1s bude informovat o va\u0161\u00ed \u00fa\u010dasti v tomto exkluzivn\u00edm investi\u010dn\u00edm kole:<\/strong><\/p>\n<p>[\/et_pb_text][\/et_pb_column][\/et_pb_row][et_pb_row column_structure=&#8220;1_4,1_2,1_4&#8243; _builder_version=&#8220;4.27.4&#8243; _module_preset=&#8220;default&#8220; global_colors_info=&#8220;{}&#8220;][et_pb_column type=&#8220;1_4&#8243; _builder_version=&#8220;4.27.4&#8243; _module_preset=&#8220;default&#8220; global_colors_info=&#8220;{}&#8220;][\/et_pb_column][et_pb_column type=&#8220;1_2&#8243; _builder_version=&#8220;4.27.4&#8243; _module_preset=&#8220;default&#8220; global_colors_info=&#8220;{}&#8220;][et_pb_contact_form email=&#8220;ceo@onemillionsdollar.com&#8220; title=&#8220;Formul\u00e1\u0159 pro \u00fa\u010dast&#8220; custom_message=&#8220;se acaba de registrar un nuevo usuario interesado en ser Partner OMDB.||et_pb_line_break_holder||nombre: %%name%%||et_pb_line_break_holder||email: %%email%%||et_pb_line_break_holder||Pais: %%country%%||et_pb_line_break_holder||Inverze: %%amount%%||et_pb_line_break_holder|Cont\u00e1cto: %%whatsapp%%&#8220; success_message=&#8220;Formul\u00e1\u0159 byl \u00fasp\u011b\u0161n\u011b odesl\u00e1n&#8220; submit_button_text=&#8220;Odeslat formul\u00e1\u0159&#8220; _builder_version=&#8220;4.27.4&#8243; _module_preset=&#8220;default&#8220; _unique_id=&#8220;1b5cb9a9-4340-433c-9655-2766b00b8cce&#8220; title_font=&#8220;|700|||||||&#8220; title_text_align=&#8220;center&#8220; title_text_color=&#8220;#F0B800&#8243; captcha_text_color=&#8220;#FFFFFF&#8220; custom_button=&#8220;on&#8220; button_text_color=&#8220;#F0B800&#8243; button_bg_color=&#8220;#000000&#8243; button_border_width=&#8220;2px&#8220; button_border_radius=&#8220;16px&#8220; global_colors_info=&#8220;{}&#8220;][et_pb_contact_field field_id=&#8220;name&#8220; field_title=&#8220;Cel\u00e9 jm\u00e9no&#8220; fullwidth_field=&#8220;on&#8220; _builder_version=&#8220;4.27.4&#8243; _module_preset=&#8220;default&#8220; global_colors_info=&#8220;{}&#8220;][\/et_pb_contact_field][et_pb_contact_field field_id=&#8220;email&#8220; field_title=&#8220;E-mailov\u00e1 adresa&#8220; fullwidth_field=&#8220;on&#8220; _builder_version=&#8220;4.27.4&#8243; _module_preset=&#8220;default&#8220; global_colors_info=&#8220;{}&#8220;][\/et_pb_contact_field][et_pb_contact_field field_id=&#8220;country&#8220; field_title=&#8220;Zem\u011b bydli\u0161t\u011b&#8220; fullwidth_field=&#8220;on&#8220; _builder_version=&#8220;4.27.4&#8243; _module_preset=&#8220;default&#8220; global_colors_info=&#8220;{}&#8220;][\/et_pb_contact_field][et_pb_contact_field field_id=&#8220;amount&#8220; field_title=&#8220;\u010c\u00e1stka, kterou chcete investovat (USD)&#8220; fullwidth_field=&#8220;on&#8220; _builder_version=&#8220;4.27.4&#8243; _module_preset=&#8220;default&#8220; global_colors_info=&#8220;{}&#8220;][\/et_pb_contact_field][et_pb_contact_field field_id=&#8220;whatsapp&#8220; field_title=&#8220;Telefon nebo preferovan\u00fd zp\u016fsob kontaktu.&#8220; fullwidth_field=&#8220;on&#8220; _builder_version=&#8220;4.27.4&#8243; _module_preset=&#8220;default&#8220; global_colors_info=&#8220;{}&#8220;][\/et_pb_contact_field][\/et_pb_contact_form][\/et_pb_column][et_pb_column type=&#8220;1_4&#8243; _builder_version=&#8220;4.27.4&#8243; _module_preset=&#8220;default&#8220; global_colors_info=&#8220;{}&#8220;][\/et_pb_column][\/et_pb_row][et_pb_row _builder_version=&#8220;4.27.4&#8243; _module_preset=&#8220;default&#8220; global_colors_info=&#8220;{}&#8220;][et_pb_column type=&#8220;4_4&#8243; _builder_version=&#8220;4.27.4&#8243; _module_preset=&#8220;default&#8220; global_colors_info=&#8220;{}&#8220;][et_pb_heading title=&#8220;  Tohle je va\u0161e \u0161ance: Nenechte si ji uj\u00edt!&#8220; _builder_version=&#8220;4.27.4&#8243; _module_preset=&#8220;default&#8220; title_font=&#8220;|700|||||||&#8220; title_text_align=&#8220;center&#8220; title_text_color=&#8220;#FFFFFF&#8220; title_font_size=&#8220;40px&#8220; title_text_shadow_style=&#8220;preset1&#8243; global_colors_info=&#8220;{}&#8220;][\/et_pb_heading][et_pb_text _builder_version=&#8220;4.27.4&#8243; _module_preset=&#8220;default&#8220; text_text_color=&#8220;#FFFFFF&#8220; text_font_size=&#8220;18px&#8220; global_colors_info=&#8220;{}&#8220;]<\/p>\n<p><span style=\"color: #ffcc00;\"><strong>Soukrom\u00fd prodej OMDB je exkluzivn\u00ed<\/strong><\/span>, jedine\u010dn\u00fd a neopakovateln\u00fd. Zajist\u011bte si svou investici je\u0161t\u011b dnes za nejkonkuren\u010dn\u011bj\u0161\u00ed cenu na trhu a sta\u0148te se sou\u010d\u00e1st\u00ed kryptom\u011bny, kter\u00e1 je navr\u017eena tak, aby generovala st\u00e1lou hodnotu a solidn\u00ed r\u016fst. <\/p>\n<p><span style=\"color: #ffcc00;\"><strong>Posp\u011b\u0161te si!<\/strong><\/span>  Tato nab\u00eddka je \u010dasov\u011b omezen\u00e1 a podobn\u00e9 p\u0159\u00edle\u017eitosti se opakuj\u00ed jen z\u0159\u00eddka.<\/p>\n<p><span style=\"color: #ffcc00;\"><strong>Investujte nyn\u00ed a zajist\u011bte si finan\u010dn\u00ed budoucnost s OMDB.<\/strong><\/span><\/p>\n<p>[\/et_pb_text][\/et_pb_column][\/et_pb_row][\/et_pb_section]<\/p>\n","protected":false},"excerpt":{"rendered":"<p>onemillionsdollar.com LLC otev\u00edr\u00e1 dve\u0159e do sv\u011bta neb\u00fdval\u00e9 ziskovosti a r\u016fstu. Vybran\u00e9 skupin\u011b lid\u00ed nab\u00edz\u00edme mo\u017enost z\u00edskat OMDB, kryptoaktivum s bezkonkuren\u010dn\u00edm potenci\u00e1lem expanze, za exkluzivn\u00ed p\u0159edprodejn\u00ed ceny.Tento soukrom\u00fd prodej je omezen\u00fd a exkluzivn\u00ed. Jakmile se 100 milion\u016f OMDB vy\u010dlen\u011bn\u00fdch pro tuto f\u00e1zi, nebude za tyto ceny \u017e\u00e1dn\u00e1 druh\u00e1 \u0161ance. Nakupte si mince OMDB za neuv\u011b\u0159itelnou cenu [&hellip;]<\/p>\n","protected":false},"author":1,"featured_media":0,"parent":0,"menu_order":0,"comment_status":"closed","ping_status":"closed","template":"page-template-blank.php","meta":{"_et_pb_use_builder":"on","_et_pb_old_content":"","_et_gb_content_width":"","footnotes":""},"class_list":["post-1787","page","type-page","status-publish","hentry"],"_links":{"self":[{"href":"https:\/\/omdblockchain.com\/cs\/wp-json\/wp\/v2\/pages\/1787","targetHints":{"allow":["GET"]}}],"collection":[{"href":"https:\/\/omdblockchain.com\/cs\/wp-json\/wp\/v2\/pages"}],"about":[{"href":"https:\/\/omdblockchain.com\/cs\/wp-json\/wp\/v2\/types\/page"}],"author":[{"embeddable":true,"href":"https:\/\/omdblockchain.com\/cs\/wp-json\/wp\/v2\/users\/1"}],"replies":[{"embeddable":true,"href":"https:\/\/omdblockchain.com\/cs\/wp-json\/wp\/v2\/comments?post=1787"}],"version-history":[{"count":10,"href":"https:\/\/omdblockchain.com\/cs\/wp-json\/wp\/v2\/pages\/1787\/revisions"}],"predecessor-version":[{"id":4092,"href":"https:\/\/omdblockchain.com\/cs\/wp-json\/wp\/v2\/pages\/1787\/revisions\/4092"}],"wp:attachment":[{"href":"https:\/\/omdblockchain.com\/cs\/wp-json\/wp\/v2\/media?parent=1787"}],"curies":[{"name":"wp","href":"https:\/\/api.w.org\/{rel}","templated":true}]}}